{"id":30,"date":"2024-12-19T17:32:18","date_gmt":"2024-12-19T17:32:18","guid":{"rendered":"https:\/\/bacaworld.org\/austria\/?page_id=30"},"modified":"2026-03-07T23:11:09","modified_gmt":"2026-03-07T23:11:09","slug":"vindobona-chapter","status":"publish","type":"page","link":"https:\/\/bacaworld.org\/austria\/vindobona-chapter\/","title":{"rendered":"Vindobona Chapter"},"content":{"rendered":"<p>[et_pb_section fb_built=&#8221;1&#8243; admin_label=&#8221;section&#8221; _builder_version=&#8221;4.16&#8243; custom_margin=&#8221;||56px|||&#8221; global_colors_info=&#8221;{}&#8221; theme_builder_area=&#8221;post_content&#8221;][et_pb_row disabled_on=&#8221;on|on|on&#8221; admin_label=&#8221;row&#8221; _builder_version=&#8221;4.16&#8243; background_size=&#8221;initial&#8221; background_position=&#8221;top_left&#8221; background_repeat=&#8221;repeat&#8221; custom_margin=&#8221;-56px|auto||auto||&#8221; disabled=&#8221;on&#8221; global_colors_info=&#8221;{}&#8221; theme_builder_area=&#8221;post_content&#8221;][et_pb_column type=&#8221;4_4&#8243; _builder_version=&#8221;4.16&#8243; custom_padding=&#8221;|||&#8221; global_colors_info=&#8221;{}&#8221; custom_padding__hover=&#8221;|||&#8221; theme_builder_area=&#8221;post_content&#8221;][et_pb_button button_text=&#8221;Donate To B.A.C.A.&#8221; button_alignment=&#8221;center&#8221; _builder_version=&#8221;4.27.4&#8243; _module_preset=&#8221;default&#8221; custom_button=&#8221;on&#8221; button_text_size=&#8221;14px&#8221; button_text_color=&#8221;#E02B20&#8243; box_shadow_style=&#8221;preset1&#8243; global_colors_info=&#8221;{}&#8221; theme_builder_area=&#8221;post_content&#8221;][\/et_pb_button][\/et_pb_column][\/et_pb_row][et_pb_row _builder_version=&#8221;4.27.4&#8243; _module_preset=&#8221;default&#8221; global_colors_info=&#8221;{}&#8221; theme_builder_area=&#8221;post_content&#8221;][et_pb_column type=&#8221;4_4&#8243; _builder_version=&#8221;4.27.4&#8243; _module_preset=&#8221;default&#8221; global_colors_info=&#8221;{}&#8221; theme_builder_area=&#8221;post_content&#8221;][et_pb_image src=&#8221;https:\/\/bacaworld.org\/austria\/wp-content\/uploads\/sites\/56\/2024\/12\/BACA-two-fist-logo.jpg&#8221; title_text=&#8221;BACA-two-fist-logo&#8221; align=&#8221;center&#8221; _builder_version=&#8221;4.27.4&#8243; _module_preset=&#8221;default&#8221; global_colors_info=&#8221;{}&#8221; theme_builder_area=&#8221;post_content&#8221;][\/et_pb_image][\/et_pb_column][\/et_pb_row][et_pb_row _builder_version=&#8221;4.27.4&#8243; _module_preset=&#8221;default&#8221; global_colors_info=&#8221;{}&#8221; theme_builder_area=&#8221;post_content&#8221;][et_pb_column type=&#8221;4_4&#8243; _builder_version=&#8221;4.27.4&#8243; _module_preset=&#8221;default&#8221; global_colors_info=&#8221;{}&#8221; theme_builder_area=&#8221;post_content&#8221;][et_pb_text _builder_version=&#8221;4.27.4&#8243; _module_preset=&#8221;default&#8221; global_colors_info=&#8221;{}&#8221; theme_builder_area=&#8221;post_content&#8221;]<\/p>\n<p style=\"text-align: center;\"><strong>Vindobona Chapter<\/strong><br \/><span style=\"color: #ff0000;\">Hilfe-Hotline: +43 664 870 0637<\/span><\/p>\n<p>[\/et_pb_text][\/et_pb_column][\/et_pb_row][et_pb_row _builder_version=&#8221;4.27.4&#8243; _module_preset=&#8221;default&#8221; global_colors_info=&#8221;{}&#8221; theme_builder_area=&#8221;post_content&#8221;][et_pb_column type=&#8221;4_4&#8243; _builder_version=&#8221;4.27.4&#8243; _module_preset=&#8221;default&#8221; global_colors_info=&#8221;{}&#8221; theme_builder_area=&#8221;post_content&#8221;][et_pb_heading title=&#8221;Postadresse:&#8221; _builder_version=&#8221;4.27.4&#8243; _module_preset=&#8221;default&#8221; title_level=&#8221;h4&#8243; title_font=&#8221;|600|||||||&#8221; title_text_align=&#8221;center&#8221; custom_margin=&#8221;-5px|||||&#8221; box_shadow_style=&#8221;preset3&#8243; global_colors_info=&#8221;{}&#8221; theme_builder_area=&#8221;post_content&#8221;][\/et_pb_heading][\/et_pb_column][\/et_pb_row][et_pb_row _builder_version=&#8221;4.27.4&#8243; _module_preset=&#8221;default&#8221; custom_margin=&#8221;13px|auto||auto||&#8221; custom_padding=&#8221;4px|||||&#8221; global_colors_info=&#8221;{}&#8221; theme_builder_area=&#8221;post_content&#8221;][et_pb_column type=&#8221;4_4&#8243; _builder_version=&#8221;4.27.4&#8243; _module_preset=&#8221;default&#8221; global_colors_info=&#8221;{}&#8221; theme_builder_area=&#8221;post_content&#8221;][et_pb_text _builder_version=&#8221;4.27.4&#8243; _module_preset=&#8221;default&#8221; border_width_bottom=&#8221;3px&#8221; border_style_bottom=&#8221;dotted&#8221; global_colors_info=&#8221;{}&#8221; theme_builder_area=&#8221;post_content&#8221;]<\/p>\n<p style=\"text-align: center;\"><strong>B.A.C.A. Int\u2019l Vindobona Chapter<\/strong><\/p>\n<p style=\"text-align: center;\">Guntherstra\u00dfe 1\/32A; 1150 Vienna, \u00d6sterreich<\/p>\n<p style=\"text-align: center;\">Chapter Spendenkonto:<\/p>\n<p style=\"text-align: center;\">Spenden k\u00f6nnen auf dieses Konto \u00fcberwiesen werden:<\/p>\n<p style=\"text-align: center;\">B.A.C.A. Austria Vindobona Chapter<\/p>\n<p style=\"text-align: center;\"><span class=\"field\"><span id=\"CustomField2\" class=\"sLabel sLabelSmall\"><strong>ZVR:<\/strong> 497060666<\/span><\/span><br \/><strong>IBAN:<\/strong> AT12 1500 0002 2123 5070<br \/><strong>BIC:<\/strong> OBKLAT2L<\/p>\n<p>[\/et_pb_text][\/et_pb_column][\/et_pb_row][et_pb_row _builder_version=&#8221;4.27.4&#8243; _module_preset=&#8221;default&#8221; global_colors_info=&#8221;{}&#8221; theme_builder_area=&#8221;post_content&#8221;][et_pb_column type=&#8221;4_4&#8243; _builder_version=&#8221;4.27.4&#8243; _module_preset=&#8221;default&#8221; global_colors_info=&#8221;{}&#8221; theme_builder_area=&#8221;post_content&#8221;][et_pb_text _builder_version=&#8221;4.27.4&#8243; _module_preset=&#8221;default&#8221; custom_padding=&#8221;||18px|||&#8221; border_width_bottom=&#8221;3px&#8221; border_style_bottom=&#8221;dotted&#8221; global_colors_info=&#8221;{}&#8221; theme_builder_area=&#8221;post_content&#8221;]<\/p>\n<p style=\"text-align: center;\"><strong>Das Vindobona Chapter<\/strong> trifft sich jeden 2. Freitag im Monat ab 19:15 Uhr<br \/>im <span style=\"color: #ff0000;\">Harry\u2019s Augustin<\/span><br \/><span style=\"color: #ff0000;\">Kaiser-Ebersdorfer-Stra\u00dfe 58,<\/span><br \/><span style=\"color: #ff0000;\">1110 Wien<\/span><\/p>\n<p style=\"text-align: center;\">F\u00fcr den Fall, dass wir unser monatliches Treffen mal verschieben m\u00fcssen, empfiehlt sich vor einem Besuch ein Kontakt mit unserem <span style=\"color: #ff0000;\">Secretary<\/span>.<br \/>Die Treffen sind \u00f6ffentlich.<\/p>\n<p>[\/et_pb_text][\/et_pb_column][\/et_pb_row][et_pb_row _builder_version=&#8221;4.27.4&#8243; _module_preset=&#8221;default&#8221; global_colors_info=&#8221;{}&#8221; theme_builder_area=&#8221;post_content&#8221;][et_pb_column type=&#8221;4_4&#8243; _builder_version=&#8221;4.27.4&#8243; _module_preset=&#8221;default&#8221; global_colors_info=&#8221;{}&#8221; theme_builder_area=&#8221;post_content&#8221;][et_pb_text _builder_version=&#8221;4.27.4&#8243; _module_preset=&#8221;default&#8221; border_width_bottom=&#8221;3px&#8221; border_style_bottom=&#8221;dotted&#8221; global_colors_info=&#8221;{}&#8221; theme_builder_area=&#8221;post_content&#8221;]<\/p>\n<p style=\"text-align: center;\">\u00d6sterreich Karte<br \/>Hier siehst Du die bestehenden Chapter in \u00d6sterreich:<\/p>\n<p>[\/et_pb_text][\/et_pb_column][\/et_pb_row][et_pb_row _builder_version=&#8221;4.27.4&#8243; _module_preset=&#8221;default&#8221; global_colors_info=&#8221;{}&#8221; theme_builder_area=&#8221;post_content&#8221;][et_pb_column type=&#8221;4_4&#8243; _builder_version=&#8221;4.27.4&#8243; _module_preset=&#8221;default&#8221; global_colors_info=&#8221;{}&#8221; theme_builder_area=&#8221;post_content&#8221;][et_pb_contact_form use_spam_service=&#8221;on&#8221; recaptcha_list=&#8221;bacaworldorg|bacaworldorg-0&#8243; email=&#8221;President@vb-aut.bacaworld.org&#8221; title=&#8221;Mail an den Chapter President&#8221; success_message=&#8221;Thank You for contacting us!&#8221; _builder_version=&#8221;4.27.4&#8243; _module_preset=&#8221;default&#8221; _unique_id=&#8221;92b31e90-95a3-4cfd-b926-da0e731fd157&#8243; title_text_align=&#8221;center&#8221; title_font_size=&#8221;16px&#8221; custom_button=&#8221;on&#8221; button_text_size=&#8221;14px&#8221; button_text_color=&#8221;#E02B20&#8243; global_colors_info=&#8221;{}&#8221; theme_builder_area=&#8221;post_content&#8221;][et_pb_contact_field field_id=&#8221;Name&#8221; field_title=&#8221;Name&#8221; _builder_version=&#8221;4.16&#8243; global_colors_info=&#8221;{}&#8221; button_text_size__hover_enabled=&#8221;off&#8221; button_one_text_size__hover_enabled=&#8221;off&#8221; button_two_text_size__hover_enabled=&#8221;off&#8221; button_text_color__hover_enabled=&#8221;off&#8221; button_one_text_color__hover_enabled=&#8221;off&#8221; button_two_text_color__hover_enabled=&#8221;off&#8221; button_border_width__hover_enabled=&#8221;off&#8221; button_one_border_width__hover_enabled=&#8221;off&#8221; button_two_border_width__hover_enabled=&#8221;off&#8221; button_border_color__hover_enabled=&#8221;off&#8221; button_one_border_color__hover_enabled=&#8221;off&#8221; button_two_border_color__hover_enabled=&#8221;off&#8221; button_border_radius__hover_enabled=&#8221;off&#8221; button_one_border_radius__hover_enabled=&#8221;off&#8221; button_two_border_radius__hover_enabled=&#8221;off&#8221; button_letter_spacing__hover_enabled=&#8221;off&#8221; button_one_letter_spacing__hover_enabled=&#8221;off&#8221; button_two_letter_spacing__hover_enabled=&#8221;off&#8221; button_bg_color__hover_enabled=&#8221;off&#8221; button_one_bg_color__hover_enabled=&#8221;off&#8221; button_two_bg_color__hover_enabled=&#8221;off&#8221; theme_builder_area=&#8221;post_content&#8221;][\/et_pb_contact_field][et_pb_contact_field field_id=&#8221;Email&#8221; field_title=&#8221;Email Address&#8221; field_type=&#8221;email&#8221; _builder_version=&#8221;4.16&#8243; global_colors_info=&#8221;{}&#8221; button_text_size__hover_enabled=&#8221;off&#8221; button_one_text_size__hover_enabled=&#8221;off&#8221; button_two_text_size__hover_enabled=&#8221;off&#8221; button_text_color__hover_enabled=&#8221;off&#8221; button_one_text_color__hover_enabled=&#8221;off&#8221; button_two_text_color__hover_enabled=&#8221;off&#8221; button_border_width__hover_enabled=&#8221;off&#8221; button_one_border_width__hover_enabled=&#8221;off&#8221; button_two_border_width__hover_enabled=&#8221;off&#8221; button_border_color__hover_enabled=&#8221;off&#8221; button_one_border_color__hover_enabled=&#8221;off&#8221; button_two_border_color__hover_enabled=&#8221;off&#8221; button_border_radius__hover_enabled=&#8221;off&#8221; button_one_border_radius__hover_enabled=&#8221;off&#8221; button_two_border_radius__hover_enabled=&#8221;off&#8221; button_letter_spacing__hover_enabled=&#8221;off&#8221; button_one_letter_spacing__hover_enabled=&#8221;off&#8221; button_two_letter_spacing__hover_enabled=&#8221;off&#8221; button_bg_color__hover_enabled=&#8221;off&#8221; button_one_bg_color__hover_enabled=&#8221;off&#8221; button_two_bg_color__hover_enabled=&#8221;off&#8221; theme_builder_area=&#8221;post_content&#8221;][\/et_pb_contact_field][et_pb_contact_field field_id=&#8221;Message&#8221; field_title=&#8221;Message&#8221; field_type=&#8221;text&#8221; fullwidth_field=&#8221;on&#8221; _builder_version=&#8221;4.16&#8243; global_colors_info=&#8221;{}&#8221; button_text_size__hover_enabled=&#8221;off&#8221; button_one_text_size__hover_enabled=&#8221;off&#8221; button_two_text_size__hover_enabled=&#8221;off&#8221; button_text_color__hover_enabled=&#8221;off&#8221; button_one_text_color__hover_enabled=&#8221;off&#8221; button_two_text_color__hover_enabled=&#8221;off&#8221; button_border_width__hover_enabled=&#8221;off&#8221; button_one_border_width__hover_enabled=&#8221;off&#8221; button_two_border_width__hover_enabled=&#8221;off&#8221; button_border_color__hover_enabled=&#8221;off&#8221; button_one_border_color__hover_enabled=&#8221;off&#8221; button_two_border_color__hover_enabled=&#8221;off&#8221; button_border_radius__hover_enabled=&#8221;off&#8221; button_one_border_radius__hover_enabled=&#8221;off&#8221; button_two_border_radius__hover_enabled=&#8221;off&#8221; button_letter_spacing__hover_enabled=&#8221;off&#8221; button_one_letter_spacing__hover_enabled=&#8221;off&#8221; button_two_letter_spacing__hover_enabled=&#8221;off&#8221; button_bg_color__hover_enabled=&#8221;off&#8221; button_one_bg_color__hover_enabled=&#8221;off&#8221; button_two_bg_color__hover_enabled=&#8221;off&#8221; theme_builder_area=&#8221;post_content&#8221;][\/et_pb_contact_field][\/et_pb_contact_form][et_pb_accordion icon_color=&#8221;#E02B20&#8243; _builder_version=&#8221;4.27.4&#8243; _module_preset=&#8221;default&#8221; global_colors_info=&#8221;{}&#8221; theme_builder_area=&#8221;post_content&#8221;][et_pb_accordion_item title=&#8221;UNSERE MISSION&#8221; open=&#8221;on&#8221; icon_color=&#8221;#E02B20&#8243; toggle_icon=&#8221;&#xe050;||divi||400&#8243; _builder_version=&#8221;4.27.4&#8243; _module_preset=&#8221;default&#8221; global_colors_info=&#8221;{}&#8221; toggle_font=&#8221;|600|||||||&#8221; toggle_text_align=&#8221;center&#8221; theme_builder_area=&#8221;post_content&#8221;]<\/p>\n<p>Bikers Against Child Abuse (B.A.C.A.) existiert, um ein sichereres Umfeld f\u00fcr missbrauchte Kinder zu schaffen. Wir sind eine Gruppe von Bikern, mit dem Ziel, Kindern die Kraft zu geben, ohne Angst in dieser Welt leben zu k\u00f6nnen. Wir stehen unseren verletzten Freunden bei, indem wir sie in eine etablierte, vereinigte Organisation aufnehmen. Wir arbeiten mit bestehenden lokalen und staatlichen Kinderschutzorganisationen und Beh\u00f6rden zusammen. Wir wollen an alle, die mit dem missbrauchten Kind zu tun haben, eine klare Botschaft senden, dass dieses Kind Teil unserer Organisation ist und wir bereit sind, das Kind physisch und emotional mit unserer Anwesenheit und Zugeh\u00f6rigkeit zu unterst\u00fctzen. Wir stehen bereit, diese Kinder vor weiterem Missbrauch zu besch\u00fctzen. Die Anwendung von Gewalt jeglicher Art und Weise lehnen wir ab. Wenn es jedoch die Umst\u00e4nde ergeben, dass wir als einziges Hindernis zwischen dem Kind und weiterem Missbrauch stehen, dann sind wir dieses Hindernis.<\/p>\n<p>[\/et_pb_accordion_item][\/et_pb_accordion][\/et_pb_column][\/et_pb_row][\/et_pb_section]<\/p>\n","protected":false},"excerpt":{"rendered":"<p>Vindobona ChapterHilfe-Hotline: +43 664 870 0637B.A.C.A. Int\u2019l Vindobona Chapter Guntherstra\u00dfe 1\/32A; 1150 Vienna, \u00d6sterreich Chapter Spendenkonto: Spenden k\u00f6nnen auf dieses Konto \u00fcberwiesen werden: B.A.C.A. Austria Vindobona Chapter ZVR: 497060666IBAN: AT12 1500 0002 2123 5070BIC: OBKLAT2LDas Vindobona Chapter trifft sich jeden 2. Freitag im Monat ab 19:15 Uhrim Harry\u2019s AugustinKaiser-Ebersdorfer-Stra\u00dfe 58,1110 Wien F\u00fcr den Fall, dass [&hellip;]<\/p>\n","protected":false},"author":1,"featured_media":0,"parent":0,"menu_order":0,"comment_status":"closed","ping_status":"closed","template":"","meta":{"_et_pb_use_builder":"on","_et_pb_old_content":"","_et_gb_content_width":"","footnotes":""},"class_list":["post-30","page","type-page","status-publish","hentry"],"_links":{"self":[{"href":"https:\/\/bacaworld.org\/austria\/wp-json\/wp\/v2\/pages\/30","targetHints":{"allow":["GET"]}}],"collection":[{"href":"https:\/\/bacaworld.org\/austria\/wp-json\/wp\/v2\/pages"}],"about":[{"href":"https:\/\/bacaworld.org\/austria\/wp-json\/wp\/v2\/types\/page"}],"author":[{"embeddable":true,"href":"https:\/\/bacaworld.org\/austria\/wp-json\/wp\/v2\/users\/1"}],"replies":[{"embeddable":true,"href":"https:\/\/bacaworld.org\/austria\/wp-json\/wp\/v2\/comments?post=30"}],"version-history":[{"count":10,"href":"https:\/\/bacaworld.org\/austria\/wp-json\/wp\/v2\/pages\/30\/revisions"}],"predecessor-version":[{"id":96,"href":"https:\/\/bacaworld.org\/austria\/wp-json\/wp\/v2\/pages\/30\/revisions\/96"}],"wp:attachment":[{"href":"https:\/\/bacaworld.org\/austria\/wp-json\/wp\/v2\/media?parent=30"}],"curies":[{"name":"wp","href":"https:\/\/api.w.org\/{rel}","templated":true}]}}