{"id":35,"date":"2024-12-22T20:05:29","date_gmt":"2024-12-22T20:05:29","guid":{"rendered":"https:\/\/bacaworld.org\/belgium\/?page_id=35"},"modified":"2024-12-22T20:32:43","modified_gmt":"2024-12-22T20:32:43","slug":"locaties-situation","status":"publish","type":"page","link":"https:\/\/bacaworld.org\/belgium\/locaties-situation\/","title":{"rendered":"LOCATIES\/SITUATION"},"content":{"rendered":"<p>[et_pb_section fb_built=&#8221;1&#8243; theme_builder_area=&#8221;post_content&#8221; _builder_version=&#8221;4.27.4&#8243; _module_preset=&#8221;default&#8221;][et_pb_row _builder_version=&#8221;4.27.4&#8243; _module_preset=&#8221;default&#8221; theme_builder_area=&#8221;post_content&#8221; custom_margin=&#8221;-30px|auto||auto||&#8221;][et_pb_column _builder_version=&#8221;4.27.4&#8243; _module_preset=&#8221;default&#8221; type=&#8221;4_4&#8243; theme_builder_area=&#8221;post_content&#8221;][et_pb_text _builder_version=&#8221;4.27.4&#8243; _module_preset=&#8221;default&#8221; theme_builder_area=&#8221;post_content&#8221; hover_enabled=&#8221;0&#8243; sticky_enabled=&#8221;0&#8243;]<\/p>\n<p style=\"text-align: center;\"><strong>B.A.C.A.\u00ae Belgium Chapter<\/strong><\/p>\n<p style=\"text-align: center;\"><strong>1 Chapter voor het land\/1 Chapter pour le pays\/1 Chapter f\u00fcr das land<\/strong><\/p>\n<p style=\"text-align: center;\">B.A.C.A Belgium bestaat uit bikers met een groot hart, zowel Nederlandstaligen als Franstaligen.<\/p>\n<p style=\"text-align: center;\">B.A.C.A Belgium est constitu\u00e9 de motards aux grands c\u0153urs aussi bien n\u00e9erlandophones que francophones.<\/p>\n<p style=\"text-align: center;\">B.A.C.A Belgium besteht aus Biker mit gro\u00dfen Herzen, sowohl Niederl\u00e4ndisch als auch Franz\u00f6sisch.<\/p>\n<p>[\/et_pb_text][\/et_pb_column][\/et_pb_row][\/et_pb_section]<\/p>\n","protected":false},"excerpt":{"rendered":"<p>B.A.C.A.\u00ae Belgium Chapter 1 Chapter voor het land\/1 Chapter pour le pays\/1 Chapter f\u00fcr das land B.A.C.A Belgium bestaat uit bikers met een groot hart, zowel Nederlandstaligen als Franstaligen. B.A.C.A Belgium est constitu\u00e9 de motards aux grands c\u0153urs aussi bien n\u00e9erlandophones que francophones. B.A.C.A Belgium besteht aus Biker mit gro\u00dfen Herzen, sowohl Niederl\u00e4ndisch als auch [&hellip;]<\/p>\n","protected":false},"author":1,"featured_media":0,"parent":0,"menu_order":0,"comment_status":"closed","ping_status":"closed","template":"","meta":{"_et_pb_use_builder":"on","_et_pb_old_content":"","_et_gb_content_width":"","footnotes":""},"class_list":["post-35","page","type-page","status-publish","hentry"],"_links":{"self":[{"href":"https:\/\/bacaworld.org\/belgium\/wp-json\/wp\/v2\/pages\/35","targetHints":{"allow":["GET"]}}],"collection":[{"href":"https:\/\/bacaworld.org\/belgium\/wp-json\/wp\/v2\/pages"}],"about":[{"href":"https:\/\/bacaworld.org\/belgium\/wp-json\/wp\/v2\/types\/page"}],"author":[{"embeddable":true,"href":"https:\/\/bacaworld.org\/belgium\/wp-json\/wp\/v2\/users\/1"}],"replies":[{"embeddable":true,"href":"https:\/\/bacaworld.org\/belgium\/wp-json\/wp\/v2\/comments?post=35"}],"version-history":[{"count":4,"href":"https:\/\/bacaworld.org\/belgium\/wp-json\/wp\/v2\/pages\/35\/revisions"}],"predecessor-version":[{"id":89,"href":"https:\/\/bacaworld.org\/belgium\/wp-json\/wp\/v2\/pages\/35\/revisions\/89"}],"wp:attachment":[{"href":"https:\/\/bacaworld.org\/belgium\/wp-json\/wp\/v2\/media?parent=35"}],"curies":[{"name":"wp","href":"https:\/\/api.w.org\/{rel}","templated":true}]}}