{"id":26,"date":"2024-12-15T16:22:28","date_gmt":"2024-12-15T16:22:28","guid":{"rendered":"https:\/\/bacaworld.org\/denmark\/?page_id=26"},"modified":"2025-04-01T23:51:11","modified_gmt":"2025-04-01T23:51:11","slug":"b-a-c-a-of-denmark","status":"publish","type":"page","link":"https:\/\/bacaworld.org\/denmark\/","title":{"rendered":"B.A.C.A. of Denmark"},"content":{"rendered":"<p>[et_pb_section fb_built=&#8221;1&#8243; admin_label=&#8221;section&#8221; _builder_version=&#8221;4.16&#8243; custom_margin=&#8221;||56px|||&#8221; global_colors_info=&#8221;{}&#8221; theme_builder_area=&#8221;post_content&#8221;][et_pb_row admin_label=&#8221;row&#8221; _builder_version=&#8221;4.16&#8243; background_size=&#8221;initial&#8221; background_position=&#8221;top_left&#8221; background_repeat=&#8221;repeat&#8221; custom_margin=&#8221;-56px|auto||auto||&#8221; global_colors_info=&#8221;{}&#8221; theme_builder_area=&#8221;post_content&#8221; disabled_on=&#8221;on|on|on&#8221; disabled=&#8221;on&#8221;][et_pb_column type=&#8221;4_4&#8243; _builder_version=&#8221;4.16&#8243; custom_padding=&#8221;|||&#8221; global_colors_info=&#8221;{}&#8221; custom_padding__hover=&#8221;|||&#8221; theme_builder_area=&#8221;post_content&#8221;][et_pb_button button_url=&#8221;https:\/\/www.paypal.com\/cgi-bin\/webscr?cmd=_donations&#038;business=treasurer@bacaworld.org&#038;lc=US&#038;item_name=Donation+to+Denmark+State&#038;no_note=0&#038;cn=&#038;currency_code=USD&#038;bn=PP-DonationsBF:btn_donateCC_LG.gif:NonHosted&#8221; button_text=&#8221;Donate To B.A.C.A.&#8221; button_alignment=&#8221;center&#8221; _builder_version=&#8221;4.27.4&#8243; _module_preset=&#8221;default&#8221; custom_button=&#8221;on&#8221; button_text_size=&#8221;14px&#8221; button_text_color=&#8221;#E02B20&#8243; box_shadow_style=&#8221;preset1&#8243; global_colors_info=&#8221;{}&#8221; theme_builder_area=&#8221;post_content&#8221;][\/et_pb_button][\/et_pb_column][\/et_pb_row][et_pb_row _builder_version=&#8221;4.27.4&#8243; _module_preset=&#8221;default&#8221; global_colors_info=&#8221;{}&#8221; theme_builder_area=&#8221;post_content&#8221;][et_pb_column type=&#8221;4_4&#8243; _builder_version=&#8221;4.27.4&#8243; _module_preset=&#8221;default&#8221; global_colors_info=&#8221;{}&#8221; theme_builder_area=&#8221;post_content&#8221;][et_pb_image src=&#8221;https:\/\/bacaworld.org\/denmark\/wp-content\/uploads\/sites\/40\/2024\/12\/BACA-two-fist-logo.jpg&#8221; title_text=&#8221;BACA-two-fist-logo&#8221; align=&#8221;center&#8221; _builder_version=&#8221;4.27.4&#8243; _module_preset=&#8221;default&#8221; global_colors_info=&#8221;{}&#8221; theme_builder_area=&#8221;post_content&#8221;][\/et_pb_image][\/et_pb_column][\/et_pb_row][et_pb_row _builder_version=&#8221;4.27.4&#8243; _module_preset=&#8221;default&#8221; global_colors_info=&#8221;{}&#8221; theme_builder_area=&#8221;post_content&#8221;][et_pb_column type=&#8221;4_4&#8243; _builder_version=&#8221;4.27.4&#8243; _module_preset=&#8221;default&#8221; global_colors_info=&#8221;{}&#8221; theme_builder_area=&#8221;post_content&#8221;][et_pb_text _builder_version=&#8221;4.27.4&#8243; _module_preset=&#8221;default&#8221; global_colors_info=&#8221;{}&#8221; theme_builder_area=&#8221;post_content&#8221;]<\/p>\n<h3 style=\"text-align: center;\"><span><strong>B.A.C.A. of Danmark<\/strong><\/span><\/h3>\n<p style=\"text-align: center;\"><strong>There are two chapters operating in Danmark<\/strong><\/p>\n<p style=\"text-align: center;\"><span style=\"color: #ff0000;\"><a href=\"https:\/\/bacaworld.org\/denmark\/nordjylland-chapter\/\" target=\"_blank\" rel=\"noopener\" style=\"color: #ff0000;\">Nordjylland Chapter<\/a><\/span><br \/><span style=\"color: #ff0000;\"><a href=\"https:\/\/bacaworld.org\/denmark\/three-belts-chapter\/\" target=\"_blank\" rel=\"noopener\" style=\"color: #ff0000;\">Three Belts Chapter<\/a><\/span><\/p>\n<p>[\/et_pb_text][\/et_pb_column][\/et_pb_row][et_pb_row _builder_version=&#8221;4.27.4&#8243; _module_preset=&#8221;default&#8221; global_colors_info=&#8221;{}&#8221; theme_builder_area=&#8221;post_content&#8221;][et_pb_column type=&#8221;4_4&#8243; _builder_version=&#8221;4.27.4&#8243; _module_preset=&#8221;default&#8221; global_colors_info=&#8221;{}&#8221; theme_builder_area=&#8221;post_content&#8221;][et_pb_heading title=&#8221;B.A.C.A.\u2019s Mission Statement:&#8221; _builder_version=&#8221;4.27.4&#8243; _module_preset=&#8221;default&#8221; title_level=&#8221;h4&#8243; title_font=&#8221;|600|||||||&#8221; title_text_align=&#8221;center&#8221; custom_margin=&#8221;-5px|||||&#8221; box_shadow_style=&#8221;preset3&#8243; global_colors_info=&#8221;{}&#8221; theme_builder_area=&#8221;post_content&#8221;][\/et_pb_heading][\/et_pb_column][\/et_pb_row][et_pb_row _builder_version=&#8221;4.27.4&#8243; _module_preset=&#8221;default&#8221; global_colors_info=&#8221;{}&#8221; theme_builder_area=&#8221;post_content&#8221;][et_pb_column type=&#8221;4_4&#8243; _builder_version=&#8221;4.27.4&#8243; _module_preset=&#8221;default&#8221; global_colors_info=&#8221;{}&#8221; theme_builder_area=&#8221;post_content&#8221;][et_pb_text _builder_version=&#8221;4.27.4&#8243; _module_preset=&#8221;default&#8221; custom_margin=&#8221;-7px|||||&#8221; global_colors_info=&#8221;{}&#8221; theme_builder_area=&#8221;post_content&#8221;]<\/p>\n<p style=\"text-align: center;\">Bikers Against Child Abuse (B.A.C.A.) eksisterer med d\u00e9t ene form\u00e5l at skabe et sikkert milj\u00f8 for misbrugte b\u00f8rn. Vi er en organisation af Bikere der styrker b\u00f8rn, s\u00e5 de ikke beh\u00f8ver at v\u00e6re bange i den verden de lever i. Vi yder st\u00f8tte til vore s\u00e5rede venner ved at inddrage dem i en etableret, forenet organisation.<\/p>\n<p style=\"text-align: center;\">Vi arbejder sammen med lokale og statslige myndigheder som allerede er p\u00e5 plads for at beskytte b\u00f8rn. Vi \u00f8nsker at sende et klart budskab til alle omkring det misbrugte barn: Dette barn er en del af vores organisation og vi er klar til at yde vor f\u00f8lelsesm\u00e6ssige st\u00f8tte i barnets situation og ved vores fysiske tilstedev\u00e6relse.\u00a0\u00a0<\/p>\n<div class=\"containerWrapper\">\n<div id=\"containerRight\" class=\"containerRight\">\n<div id=\"mainContainer\">\n<div class=\"maincontent\">\n<form id=\"requestFormCreate\" class=\"stdform stdform2\" action=\"https:\/\/web.archive.org\/web\/20240825170738\/https:\/\/bacaworld-7a037be3f49725.sharepoint.com\/sites\/helpdesk\/HelpDeskPlus\/Pages\/RequestFormCreate.aspx\" method=\"post\">\n<div id=\"formTabs\" class=\"tabbedwidget tab-primary ui-tabs ui-widget ui-widget-content ui-corner-all\" style=\"text-align: center;\">\n<div id=\"aRequestDetails\" class=\"ui-tabs-panel ui-widget-content ui-corner-bottom\" role=\"tabpanel\" aria-labelledby=\"ui-id-1\" aria-expanded=\"true\" aria-hidden=\"false\"><span class=\"field\"><span id=\"CustomField2\" class=\"sLabel sLabelSmall\">Vi st\u00e5r klar til at v\u00e6rne disse b\u00f8rn mod fortsat misbrug. Vi accepterer ikke brug af vold eller fysisk magt p\u00e5 nogen m\u00e5de, men hvis omst\u00e6ndigheder opst\u00e5r, s\u00e5ledes vi er de eneste der kan forhindre et barn i at blive udsat for yderligere misbrug, er vi klar til at v\u00e6re den hindring.<br \/><\/span><\/span><\/div>\n<\/div>\n<div role=\"tabpanel\" aria-labelledby=\"ui-id-1\" aria-expanded=\"true\" aria-hidden=\"false\" style=\"text-align: center;\">\u00a0<\/div>\n<div role=\"tabpanel\" aria-labelledby=\"ui-id-1\" aria-expanded=\"true\" aria-hidden=\"false\" style=\"text-align: center;\">\u00a0<\/div>\n<div role=\"tabpanel\" aria-labelledby=\"ui-id-1\" aria-expanded=\"true\" aria-hidden=\"false\" style=\"text-align: center;\"><em>B.A.C.A. vil i alle tilf\u00e6lde overholde dansk lovgivning. Is\u00e6r Straffelovens \u00a713, da den kan v\u00e6re relevant for missionens ordlyd.<\/em><\/div>\n<\/form>\n<\/div>\n<\/div>\n<\/div>\n<\/div>\n<p>[\/et_pb_text][\/et_pb_column][\/et_pb_row][\/et_pb_section]<\/p>\n","protected":false},"excerpt":{"rendered":"<p>B.A.C.A. of Danmark There are two chapters operating in Danmark Nordjylland ChapterThree Belts ChapterBikers Against Child Abuse (B.A.C.A.) eksisterer med d\u00e9t ene form\u00e5l at skabe et sikkert milj\u00f8 for misbrugte b\u00f8rn. Vi er en organisation af Bikere der styrker b\u00f8rn, s\u00e5 de ikke beh\u00f8ver at v\u00e6re bange i den verden de lever i. Vi yder [&hellip;]<\/p>\n","protected":false},"author":1,"featured_media":0,"parent":0,"menu_order":0,"comment_status":"closed","ping_status":"closed","template":"","meta":{"_et_pb_use_builder":"on","_et_pb_old_content":"","_et_gb_content_width":"","footnotes":""},"class_list":["post-26","page","type-page","status-publish","hentry"],"_links":{"self":[{"href":"https:\/\/bacaworld.org\/denmark\/wp-json\/wp\/v2\/pages\/26","targetHints":{"allow":["GET"]}}],"collection":[{"href":"https:\/\/bacaworld.org\/denmark\/wp-json\/wp\/v2\/pages"}],"about":[{"href":"https:\/\/bacaworld.org\/denmark\/wp-json\/wp\/v2\/types\/page"}],"author":[{"embeddable":true,"href":"https:\/\/bacaworld.org\/denmark\/wp-json\/wp\/v2\/users\/1"}],"replies":[{"embeddable":true,"href":"https:\/\/bacaworld.org\/denmark\/wp-json\/wp\/v2\/comments?post=26"}],"version-history":[{"count":10,"href":"https:\/\/bacaworld.org\/denmark\/wp-json\/wp\/v2\/pages\/26\/revisions"}],"predecessor-version":[{"id":92,"href":"https:\/\/bacaworld.org\/denmark\/wp-json\/wp\/v2\/pages\/26\/revisions\/92"}],"wp:attachment":[{"href":"https:\/\/bacaworld.org\/denmark\/wp-json\/wp\/v2\/media?parent=26"}],"curies":[{"name":"wp","href":"https:\/\/api.w.org\/{rel}","templated":true}]}}