{"id":32,"date":"2024-12-15T16:23:28","date_gmt":"2024-12-15T16:23:28","guid":{"rendered":"https:\/\/bacaworld.org\/denmark\/?page_id=32"},"modified":"2024-12-15T16:57:51","modified_gmt":"2024-12-15T16:57:51","slug":"privatlivspolitik","status":"publish","type":"page","link":"https:\/\/bacaworld.org\/denmark\/privatlivspolitik\/","title":{"rendered":"Privatlivspolitik"},"content":{"rendered":"<p>[et_pb_section fb_built=&#8221;1&#8243; theme_builder_area=&#8221;post_content&#8221; _builder_version=&#8221;4.27.4&#8243; _module_preset=&#8221;default&#8221;][et_pb_row _builder_version=&#8221;4.27.4&#8243; _module_preset=&#8221;default&#8221; theme_builder_area=&#8221;post_content&#8221;][et_pb_column _builder_version=&#8221;4.27.4&#8243; _module_preset=&#8221;default&#8221; type=&#8221;4_4&#8243; theme_builder_area=&#8221;post_content&#8221;][et_pb_text _builder_version=&#8221;4.27.4&#8243; _module_preset=&#8221;default&#8221; theme_builder_area=&#8221;post_content&#8221; hover_enabled=&#8221;0&#8243; sticky_enabled=&#8221;0&#8243;]<\/p>\n<p><span data-contrast=\"auto\">Privatlivspolitik for B.A.C.A. International Denmark\u00a0\u00a0<\/span><span data-ccp-props=\"{&quot;201341983&quot;:0,&quot;335559739&quot;:160,&quot;335559740&quot;:259}\">\u00a0<\/span><\/p>\n<p><b><span data-contrast=\"auto\">Opdateret 28\/1-23<\/span><\/b><span data-ccp-props=\"{&quot;201341983&quot;:0,&quot;335559739&quot;:160,&quot;335559740&quot;:259}\">\u00a0<\/span><\/p>\n<p><b><span data-contrast=\"auto\">B.A.C.A. International Denmark dataansvar<\/span><\/b>\u00a0<br \/><span data-contrast=\"auto\">Vi behandler personoplysninger og har derfor vedtaget denne privatlivspolitik, der kort<\/span>\u00a0<br \/><span data-contrast=\"auto\">fort\u00e6ller dig, hvordan vi behandler dine personoplysninger til sikring af en fair og<\/span>\u00a0<br \/><span data-contrast=\"auto\">gennemsigtig behandling.<\/span><span data-ccp-props=\"{&quot;201341983&quot;:0,&quot;335559739&quot;:160,&quot;335559740&quot;:259}\">\u00a0<\/span><\/p>\n<p><span data-contrast=\"auto\">Gennemg\u00e5ende for vores databehandling er, at vi kun behandler personoplysninger til<\/span>\u00a0<br \/><span data-contrast=\"auto\">bestemte form\u00e5l og ud fra berettigede (legitime) interesser. Vi behandler kun<\/span>\u00a0<br \/><span data-contrast=\"auto\">personoplysninger, der er relevante og n\u00f8dvendige til opfyldelse af de angivne form\u00e5l, og<\/span>\u00a0<br \/><span data-contrast=\"auto\">vi sletter dine oplysninger, n\u00e5r de ikke l\u00e6ngere er n\u00f8dvendige.<\/span><span data-ccp-props=\"{&quot;201341983&quot;:0,&quot;335559739&quot;:160,&quot;335559740&quot;:259}\">\u00a0<\/span><\/p>\n<p><b><span data-contrast=\"auto\">Kontaktoplysninger p\u00e5 den dataansvarlige<\/span><\/b><span data-ccp-props=\"{&quot;201341983&quot;:0,&quot;335559739&quot;:160,&quot;335559740&quot;:259}\">\u00a0<\/span><\/p>\n<p><span data-contrast=\"auto\">B.A.C.A Danmark er dataansvarlig, og vi sikrer, at dine personoplysninger<\/span>\u00a0<br \/><span data-contrast=\"auto\">behandles i overensstemmelse med lovgivningen.<\/span><span data-ccp-props=\"{&quot;201341983&quot;:0,&quot;335559739&quot;:160,&quot;335559740&quot;:259}\">\u00a0<\/span><\/p>\n<p><span data-contrast=\"auto\">Kontaktoplysninger:<\/span><span data-ccp-props=\"{&quot;201341983&quot;:0,&quot;335559739&quot;:160,&quot;335559740&quot;:259}\">\u00a0<\/span><\/p>\n<ul>\n<li data-leveltext=\"\uf0b7\" data-font=\"Symbol\" data-listid=\"1\" data-list-defn-props=\"{&quot;335552541&quot;:1,&quot;335559684&quot;:-2,&quot;335559685&quot;:720,&quot;335559991&quot;:360,&quot;469769226&quot;:&quot;Symbol&quot;,&quot;469769242&quot;:[8226],&quot;469777803&quot;:&quot;left&quot;,&quot;469777804&quot;:&quot;\uf0b7&quot;,&quot;469777815&quot;:&quot;hybridMultilevel&quot;}\" aria-setsize=\"-1\" data-aria-posinset=\"1\" data-aria-level=\"1\"><span data-contrast=\"auto\">B.A.C.A. International Denmark\u00a0\u00a0<\/span><span data-ccp-props=\"{&quot;201341983&quot;:0,&quot;335559739&quot;:160,&quot;335559740&quot;:259}\">\u00a0<\/span><\/li>\n<li data-leveltext=\"\uf0b7\" data-font=\"Symbol\" data-listid=\"1\" data-list-defn-props=\"{&quot;335552541&quot;:1,&quot;335559684&quot;:-2,&quot;335559685&quot;:720,&quot;335559991&quot;:360,&quot;469769226&quot;:&quot;Symbol&quot;,&quot;469769242&quot;:[8226],&quot;469777803&quot;:&quot;left&quot;,&quot;469777804&quot;:&quot;\uf0b7&quot;,&quot;469777815&quot;:&quot;hybridMultilevel&quot;}\" aria-setsize=\"-1\" data-aria-posinset=\"2\" data-aria-level=\"1\"><span data-contrast=\"auto\">Dataprotectionofficer@denmark.bacaworld.org<\/span><span data-ccp-props=\"{&quot;201341983&quot;:0,&quot;335559739&quot;:160,&quot;335559740&quot;:259}\">\u00a0<\/span><\/li>\n<li data-leveltext=\"\uf0b7\" data-font=\"Symbol\" data-listid=\"1\" data-list-defn-props=\"{&quot;335552541&quot;:1,&quot;335559684&quot;:-2,&quot;335559685&quot;:720,&quot;335559991&quot;:360,&quot;469769226&quot;:&quot;Symbol&quot;,&quot;469769242&quot;:[8226],&quot;469777803&quot;:&quot;left&quot;,&quot;469777804&quot;:&quot;\uf0b7&quot;,&quot;469777815&quot;:&quot;hybridMultilevel&quot;}\" aria-setsize=\"-1\" data-aria-posinset=\"3\" data-aria-level=\"1\"><span data-contrast=\"auto\">Fredensgade 14 7400 Herning<\/span><span data-ccp-props=\"{&quot;201341983&quot;:0,&quot;335559739&quot;:160,&quot;335559740&quot;:259}\">\u00a0<\/span><\/li>\n<\/ul>\n<ul>\n<li data-leveltext=\"\uf0b7\" data-font=\"Symbol\" data-listid=\"1\" data-list-defn-props=\"{&quot;335552541&quot;:1,&quot;335559684&quot;:-2,&quot;335559685&quot;:720,&quot;335559991&quot;:360,&quot;469769226&quot;:&quot;Symbol&quot;,&quot;469769242&quot;:[8226],&quot;469777803&quot;:&quot;left&quot;,&quot;469777804&quot;:&quot;\uf0b7&quot;,&quot;469777815&quot;:&quot;hybridMultilevel&quot;}\" aria-setsize=\"-1\" data-aria-posinset=\"1\" data-aria-level=\"1\"><span data-contrast=\"auto\">https:\/\/denmark.bacaworld.org<\/span><span data-ccp-props=\"{&quot;201341983&quot;:0,&quot;335559739&quot;:160,&quot;335559740&quot;:259}\">\u00a0<\/span><\/li>\n<\/ul>\n<p><b><span data-contrast=\"auto\">Behandling af personoplysninger<\/span><\/b><span data-ccp-props=\"{&quot;201341983&quot;:0,&quot;335559739&quot;:160,&quot;335559740&quot;:259}\">\u00a0<\/span><\/p>\n<p><span data-contrast=\"auto\">Vi behandler f\u00f8lgende personoplysninger:<\/span><span data-ccp-props=\"{&quot;201341983&quot;:0,&quot;335559739&quot;:160,&quot;335559740&quot;:259}\">\u00a0<\/span><\/p>\n<p><span data-contrast=\"auto\">1) Medlemsoplysninger:<\/span>\u00a0<br \/><span data-contrast=\"auto\">Almindelige personoplysninger:<\/span>\u00a0<br \/><span data-contrast=\"auto\">Registrerings- og kontaktoplysninger som navn, k\u00f8n, adresse,<\/span>\u00a0<br \/><span data-contrast=\"auto\">indmeldelsesdato, telefonnummer, f\u00f8dselsdato, e-mailadresse, Straffeattest, B\u00f8rneattest.<\/span>\u00a0<\/p>\n<p><b><span data-contrast=\"auto\">Her indsamler vi oplysninger fra<\/span><\/b><span data-ccp-props=\"{&quot;201341983&quot;:0,&quot;335559739&quot;:160,&quot;335559740&quot;:259}\">\u00a0<\/span><\/p>\n<p><span data-contrast=\"auto\">Normalt f\u00e5r vi oplysningerne fra dig. I nogle tilf\u00e6lde kan der v\u00e6re andre kilder:<\/span>\u00a0<br \/><span data-contrast=\"auto\">Offentlige myndigheder, f.eks. til B\u00f8rneattest samt Straffeattest<\/span><span data-ccp-props=\"{&quot;201341983&quot;:0,&quot;335559739&quot;:160,&quot;335559740&quot;:259}\">\u00a0<\/span><\/p>\n<p><b><span data-contrast=\"auto\">Foreningens form\u00e5l med behandling af dine personoplysninger<\/span><\/b><span data-ccp-props=\"{&quot;201341983&quot;:0,&quot;335559739&quot;:160,&quot;335559740&quot;:259}\">\u00a0<\/span><\/p>\n<p><span data-contrast=\"auto\">Vi behandler dine personoplysninger til bestemte form\u00e5l, n\u00e5r vi har en lovlig grund.<\/span>\u00a0<br \/><span data-contrast=\"auto\">Lovlige grunde til behandling er s\u00e6rligt:<\/span><span data-ccp-props=\"{&quot;201341983&quot;:0,&quot;335559739&quot;:160,&quot;335559740&quot;:259}\">\u00a0<\/span><\/p>\n<ul>\n<li><span data-contrast=\"auto\">Foreningens berettigede (legitime) interesser i at behandle dine oplysninger<\/span><br \/><span data-contrast=\"auto\">(interesseafvejningsreglen)<\/span><\/li>\n<li><span data-contrast=\"auto\">At det er n\u00f8dvendigt for medlemskabet<\/span><\/li>\n<\/ul>\n<p><span data-ccp-props=\"{&quot;201341983&quot;:0,&quot;335559739&quot;:160,&quot;335559740&quot;:259}\">\u00a0<\/span><\/p>\n<p><b><span data-contrast=\"auto\">Form\u00e5l med behandling af medlemsoplysninger<\/span><\/b><span data-ccp-props=\"{&quot;201341983&quot;:0,&quot;335559739&quot;:160,&quot;335559740&quot;:259}\">\u00a0<\/span><\/p>\n<ul>\n<li><span data-contrast=\"auto\">Medlemsh\u00e5ndtering<\/span><br \/><span data-contrast=\"auto\">\u2022 Som led af aktiviteter, herunder planl\u00e6gning<\/span><\/li>\n<\/ul>\n<p><b><span data-contrast=\"auto\">Vi behandler kun personoplysninger ud fra legitime interesser<\/span><\/b><span data-ccp-props=\"{&quot;201341983&quot;:0,&quot;335559739&quot;:160,&quot;335559740&quot;:259}\">\u00a0<\/span><\/p>\n<p><span data-contrast=\"auto\">I det omfang vi behandler dine medlemsoplysninger p\u00e5 baggrund af<\/span>\u00a0<br \/><span data-contrast=\"auto\">interesseafvejningsreglen, vil denne behandling udelukkende v\u00e6re motiveret af<\/span>\u00a0<br \/><span data-contrast=\"auto\">berettigede (legitime) interesser som:<\/span>\u00a0<\/p>\n<p><span data-contrast=\"auto\">\u2022 Ud\u00f8velse af aktiviteter<\/span>\u00a0<br \/><span data-contrast=\"auto\">\u2022 Opfyldelse af medlemspligter<\/span>\u00a0<br \/><span data-contrast=\"auto\">\u2022 Afholdelse af sociale arrangementer<\/span><span data-ccp-props=\"{&quot;201341983&quot;:0,&quot;335559739&quot;:160,&quot;335559740&quot;:259}\">\u00a0<\/span><\/p>\n<ul>\n<li><span data-contrast=\"auto\">Af praktiske og administrative hensyn opbevarer vi dine almindelige<\/span><br \/><span data-contrast=\"auto\">medlemsoplysninger ogs\u00e5 i en periode efter din udmeldelse af foreningen, dog maksimalt 2 \u00e5r.<\/span><\/li>\n<li><span data-contrast=\"auto\">Af hensyn til kontaktmuligheder kan der for b\u00f8rn og unge under 18 \u00e5r behandles<\/span><br \/><span data-contrast=\"auto\">oplysninger om for\u00e6ldrene \/ v\u00e6rge.<\/span><\/li>\n<\/ul>\n<p><b><span data-contrast=\"auto\">Samtykke<\/span><\/b><span data-ccp-props=\"{&quot;201341983&quot;:0,&quot;335559739&quot;:160,&quot;335559740&quot;:259}\">\u00a0<\/span><\/p>\n<p><span data-contrast=\"auto\">Oftest vil vores behandling af dine personoplysninger basere sig p\u00e5 et andet lovligt<\/span>\u00a0<br \/><span data-contrast=\"auto\">grundlag end samtykke. Vi indhenter derfor kun dit samtykke, n\u00e5r det i sj\u00e6ldne tilf\u00e6lde<\/span>\u00a0<br \/><span data-contrast=\"auto\">er n\u00f8dvendigt for at behandle dine personoplysninger til de form\u00e5l, der er beskrevet<\/span>\u00a0<br \/><span data-contrast=\"auto\">ovenfor.<\/span><span data-ccp-props=\"{&quot;201341983&quot;:0,&quot;335559739&quot;:160,&quot;335559740&quot;:259}\">\u00a0<\/span><\/p>\n<p><span data-contrast=\"auto\">Hvis vi indhenter dit samtykke, er det frivilligt, om du vil give samtykke, og du kan til<\/span>\u00a0<br \/><span data-contrast=\"auto\">enhver tid tr\u00e6kke det tilbage ved at give os besked om det.<\/span><span data-ccp-props=\"{&quot;201341983&quot;:0,&quot;335559739&quot;:160,&quot;335559740&quot;:259}\">\u00a0<\/span><\/p>\n<p><span data-contrast=\"auto\">N\u00e5r vi indhenter personoplysninger om b\u00f8rn og unge, foretager vi en vurdering af, om<\/span>\u00a0<br \/><span data-contrast=\"auto\">barnet selv er i stand til at afgive de p\u00e5g\u00e6ldende personoplysninger. Hvis ikke, indhenter<\/span>\u00a0<br \/><span data-contrast=\"auto\">vi samtykke fra en for\u00e6lder eller v\u00e6rge.<\/span><span data-ccp-props=\"{&quot;201341983&quot;:0,&quot;335559739&quot;:160,&quot;335559740&quot;:259}\">\u00a0<\/span><\/p>\n<p><span data-contrast=\"auto\">Indsamler vi personoplysninger p\u00e5 b\u00f8rn via informationstjenester (apps og sociale<\/span>\u00a0<br \/><span data-contrast=\"auto\">medier), kan b\u00f8rn fra og med de er fyldt 13 \u00e5r selv afgive samtykke.<\/span><span data-ccp-props=\"{&quot;201341983&quot;:0,&quot;335559739&quot;:160,&quot;335559740&quot;:259}\">\u00a0<\/span><\/p>\n<p><b><span data-contrast=\"auto\">Videregivelse af dine personoplysninger<\/span><\/b><span data-ccp-props=\"{&quot;201341983&quot;:0,&quot;335559739&quot;:160,&quot;335559740&quot;:259}\">\u00a0<\/span><\/p>\n<p><span data-contrast=\"auto\">I forbindelse med aktiviteter kan der ske videregivelse af oplysninger om deltagelse og<\/span>\u00a0<br \/><span data-contrast=\"auto\">resultater til relevante Samarbejdspartnere.<\/span><span data-ccp-props=\"{&quot;201341983&quot;:0,&quot;335559739&quot;:160,&quot;335559740&quot;:259}\">\u00a0<\/span><\/p>\n<p><span data-contrast=\"auto\">Vi videregiver ikke personoplysninger til firmaer til markedsf\u00f8ring uden dit samtykke.<\/span><span data-ccp-props=\"{&quot;201341983&quot;:0,&quot;335559739&quot;:160,&quot;335559740&quot;:259}\">\u00a0<\/span><\/p>\n<p><b><span data-contrast=\"auto\">Opbevaring og sletning af dine personoplysninger<\/span><\/b><span data-ccp-props=\"{&quot;201341983&quot;:0,&quot;335559739&quot;:160,&quot;335559740&quot;:259}\">\u00a0<\/span><\/p>\n<p><span data-contrast=\"auto\">Vi vil opbevare dine personoplysninger i en periode fra medlemskabets oph\u00f8r og i<\/span>\u00a0<br \/><span data-contrast=\"auto\">overensstemmelse med f\u00f8lgende kriterier:<\/span><span data-ccp-props=\"{&quot;201341983&quot;:0,&quot;335559739&quot;:160,&quot;335559740&quot;:259}\">\u00a0<\/span><\/p>\n<ul>\n<li><span data-contrast=\"auto\">Af praktiske og administrative hensyn opbevarer vi dine almindelige<\/span><br \/><span data-contrast=\"auto\">medlemsoplysninger i op til 2 \u00e5r. efter din udmeldelse af foreningen<\/span><\/li>\n<li><span data-contrast=\"auto\">Bogf\u00f8ringsbilag, herunder f.eks. private udl\u00e6g, skal gemmes i 5 \u00e5r fra udl\u00f8bet af det<\/span><br \/><span data-contrast=\"auto\">regnskabs\u00e5r, som bilaget drejer sig om<\/span><\/li>\n<\/ul>\n<p><b><span data-contrast=\"auto\">Dine rettigheder<\/span><\/b><span data-ccp-props=\"{&quot;201341983&quot;:0,&quot;335559739&quot;:160,&quot;335559740&quot;:259}\">\u00a0<\/span><\/p>\n<p><span data-contrast=\"auto\">Du har en r\u00e6kke s\u00e6rlige rettigheder efter persondataforordningen, n\u00e5r vi behandler<\/span>\u00a0<br \/><span data-contrast=\"auto\">personoplysninger om dig:<\/span><span data-ccp-props=\"{&quot;201341983&quot;:0,&quot;335559739&quot;:160,&quot;335559740&quot;:259}\">\u00a0<\/span><\/p>\n<ul>\n<li><span data-contrast=\"auto\">Retten til at blive oplyst om behandlingen af data<\/span><br \/><span data-contrast=\"auto\">\u2022 Retten til indsigt i egne personoplysninger<\/span><br \/><span data-contrast=\"auto\">\u2022 Retten til berigtigelse<\/span>\u00a0<br \/><span data-contrast=\"auto\">\u2022 Retten til sletning<\/span>\u00a0<br \/><span data-contrast=\"auto\">\u2022 Retten til begr\u00e6nsning af behandling<\/span>\u00a0<br \/><span data-contrast=\"auto\">\u2022 Retten til data portabilitet (udlevering af data i et almindeligt anvendt format)<\/span>\u00a0<br \/><span data-contrast=\"auto\">\u2022 Retten til indsigelse<\/span><span data-ccp-props=\"{&quot;201341983&quot;:0,&quot;335559739&quot;:160,&quot;335559740&quot;:259}\">\u00a0<\/span><\/li>\n<\/ul>\n<p><span data-contrast=\"auto\">Du kan g\u00f8re brug af dine rettigheder, herunder g\u00f8re indsigelse mod vores behandling,<\/span>\u00a0<br \/><span data-contrast=\"auto\">ved at henvende dig til os. Vores kontaktoplysninger finder du \u00f8verst.<\/span><span data-ccp-props=\"{&quot;201341983&quot;:0,&quot;335559739&quot;:160,&quot;335559740&quot;:259}\">\u00a0<\/span><\/p>\n<p><span data-contrast=\"auto\">Hvis du f.eks. henvender dig med en anmodning om at f\u00e5 rettet eller slettet dine<\/span>\u00a0<br \/><span data-contrast=\"auto\">personoplysninger, unders\u00f8ger vi, om betingelserne er opfyldt, og gennemf\u00f8rer i s\u00e5 fald<\/span>\u00a0<br \/><span data-contrast=\"auto\">\u00e6ndringer eller sletning s\u00e5 hurtigt som muligt.<\/span><span data-ccp-props=\"{&quot;201341983&quot;:0,&quot;335559739&quot;:160,&quot;335559740&quot;:259}\">\u00a0<\/span><\/p>\n<p><span data-contrast=\"auto\">Du kan altid indgive en klage til en databeskyttelsestilsynsmyndighed, f.eks. Datatilsynet.<\/span><span data-ccp-props=\"{&quot;201341983&quot;:0,&quot;335559739&quot;:160,&quot;335559740&quot;:259}\">\u00a0<\/span><\/p>\n<p><b><span data-contrast=\"auto\">Revidering af privatlivspolitikken<\/span><\/b><span data-ccp-props=\"{&quot;201341983&quot;:0,&quot;335559739&quot;:160,&quot;335559740&quot;:259}\">\u00a0<\/span><\/p>\n<p><span data-contrast=\"auto\">Vi forbeholder os retten til at foretage \u00e6ndringer i denne privatlivspolitik fra tid til anden.<\/span>\u00a0<br \/><span data-contrast=\"auto\">Ved \u00e6ndringer vil datoen \u00f8verst i privatlivspolitikken blive \u00e6ndret. Den til enhver<\/span>\u00a0<br \/><span data-contrast=\"auto\">tid g\u00e6ldende privatlivspolitik vil v\u00e6re tilg\u00e6ngelig p\u00e5 vores websted.<\/span><\/p>\n<p>[\/et_pb_text][\/et_pb_column][\/et_pb_row][\/et_pb_section]<\/p>\n","protected":false},"excerpt":{"rendered":"<p>Privatlivspolitik for B.A.C.A. International Denmark\u00a0\u00a0\u00a0 Opdateret 28\/1-23\u00a0 B.A.C.A. International Denmark dataansvar\u00a0Vi behandler personoplysninger og har derfor vedtaget denne privatlivspolitik, der kort\u00a0fort\u00e6ller dig, hvordan vi behandler dine personoplysninger til sikring af en fair og\u00a0gennemsigtig behandling.\u00a0 Gennemg\u00e5ende for vores databehandling er, at vi kun behandler personoplysninger til\u00a0bestemte form\u00e5l og ud fra berettigede (legitime) interesser. Vi behandler kun\u00a0personoplysninger, [&hellip;]<\/p>\n","protected":false},"author":1,"featured_media":0,"parent":0,"menu_order":0,"comment_status":"closed","ping_status":"closed","template":"","meta":{"_et_pb_use_builder":"on","_et_pb_old_content":"","_et_gb_content_width":"","footnotes":""},"class_list":["post-32","page","type-page","status-publish","hentry"],"_links":{"self":[{"href":"https:\/\/bacaworld.org\/denmark\/wp-json\/wp\/v2\/pages\/32","targetHints":{"allow":["GET"]}}],"collection":[{"href":"https:\/\/bacaworld.org\/denmark\/wp-json\/wp\/v2\/pages"}],"about":[{"href":"https:\/\/bacaworld.org\/denmark\/wp-json\/wp\/v2\/types\/page"}],"author":[{"embeddable":true,"href":"https:\/\/bacaworld.org\/denmark\/wp-json\/wp\/v2\/users\/1"}],"replies":[{"embeddable":true,"href":"https:\/\/bacaworld.org\/denmark\/wp-json\/wp\/v2\/comments?post=32"}],"version-history":[{"count":3,"href":"https:\/\/bacaworld.org\/denmark\/wp-json\/wp\/v2\/pages\/32\/revisions"}],"predecessor-version":[{"id":69,"href":"https:\/\/bacaworld.org\/denmark\/wp-json\/wp\/v2\/pages\/32\/revisions\/69"}],"wp:attachment":[{"href":"https:\/\/bacaworld.org\/denmark\/wp-json\/wp\/v2\/media?parent=32"}],"curies":[{"name":"wp","href":"https:\/\/api.w.org\/{rel}","templated":true}]}}