{"id":26,"date":"2024-12-21T18:54:33","date_gmt":"2024-12-21T18:54:33","guid":{"rendered":"https:\/\/bacaworld.org\/germany\/?page_id=26"},"modified":"2026-04-09T01:48:29","modified_gmt":"2026-04-09T01:48:29","slug":"b-a-c-a-of-germany","status":"publish","type":"page","link":"https:\/\/bacaworld.org\/germany\/","title":{"rendered":"B.A.C.A. of Germany"},"content":{"rendered":"<p>[et_pb_section fb_built=&#8221;1&#8243; admin_label=&#8221;section&#8221; _builder_version=&#8221;4.16&#8243; custom_margin=&#8221;||56px|||&#8221; global_colors_info=&#8221;{}&#8221; theme_builder_area=&#8221;post_content&#8221;][et_pb_row disabled_on=&#8221;on|on|on&#8221; admin_label=&#8221;row&#8221; _builder_version=&#8221;4.16&#8243; background_size=&#8221;initial&#8221; background_position=&#8221;top_left&#8221; background_repeat=&#8221;repeat&#8221; custom_margin=&#8221;-56px|auto||auto||&#8221; disabled=&#8221;on&#8221; global_colors_info=&#8221;{}&#8221; theme_builder_area=&#8221;post_content&#8221;][et_pb_column type=&#8221;4_4&#8243; _builder_version=&#8221;4.16&#8243; custom_padding=&#8221;|||&#8221; global_colors_info=&#8221;{}&#8221; custom_padding__hover=&#8221;|||&#8221; theme_builder_area=&#8221;post_content&#8221;][et_pb_button button_text=&#8221;Donate To B.A.C.A.&#8221; button_alignment=&#8221;center&#8221; _builder_version=&#8221;4.27.4&#8243; _module_preset=&#8221;default&#8221; custom_button=&#8221;on&#8221; button_text_size=&#8221;14px&#8221; button_text_color=&#8221;#E02B20&#8243; box_shadow_style=&#8221;preset1&#8243; global_colors_info=&#8221;{}&#8221; theme_builder_area=&#8221;post_content&#8221;][\/et_pb_button][\/et_pb_column][\/et_pb_row][et_pb_row _builder_version=&#8221;4.27.4&#8243; _module_preset=&#8221;default&#8221; global_colors_info=&#8221;{}&#8221; theme_builder_area=&#8221;post_content&#8221;][et_pb_column type=&#8221;4_4&#8243; _builder_version=&#8221;4.27.4&#8243; _module_preset=&#8221;default&#8221; global_colors_info=&#8221;{}&#8221; theme_builder_area=&#8221;post_content&#8221;][et_pb_image src=&#8221;https:\/\/bacaworld.org\/germany\/wp-content\/uploads\/sites\/67\/2024\/12\/BACA-two-fist-logo.jpg&#8221; title_text=&#8221;BACA-two-fist-logo&#8221; align=&#8221;center&#8221; _builder_version=&#8221;4.27.4&#8243; _module_preset=&#8221;default&#8221; global_colors_info=&#8221;{}&#8221; theme_builder_area=&#8221;post_content&#8221;][\/et_pb_image][\/et_pb_column][\/et_pb_row][et_pb_row _builder_version=&#8221;4.27.4&#8243; _module_preset=&#8221;default&#8221; global_colors_info=&#8221;{}&#8221; theme_builder_area=&#8221;post_content&#8221;][et_pb_column type=&#8221;4_4&#8243; _builder_version=&#8221;4.27.4&#8243; _module_preset=&#8221;default&#8221; global_colors_info=&#8221;{}&#8221; theme_builder_area=&#8221;post_content&#8221;][et_pb_text _builder_version=&#8221;4.27.4&#8243; _module_preset=&#8221;default&#8221; global_colors_info=&#8221;{}&#8221; theme_builder_area=&#8221;post_content&#8221;]<\/p>\n<p style=\"text-align: center;\"><strong>B.A.C.A. International Germany e.V. (\u201cB.A.C.A. Germany\u201d)<\/strong><br \/><strong>B.A.C.A. Bikers Against Child Abuse<\/strong> arbeitet gemeinn\u00fctzig als eingetragener Verein.<br \/>Die Eintragung erfolgte beim Amtsgericht K\u00f6ln im Vereinsregister auf dem Registerblatt VR 18946<\/p>\n<p style=\"text-align: center;\"><strong>B.A.C.A. International Germany e.V.<\/strong><br \/><span>F\u00e4hrstra\u00dfe 217<\/span><br \/><span>40221 D\u00fcsseldorf<\/span><\/p>\n<h3 style=\"text-align: center;\"><span style=\"color: #ff0000;\"><strong>Helpline +49 175 \/ 4546479<\/strong><\/span><\/h3>\n<p>[\/et_pb_text][\/et_pb_column][\/et_pb_row][et_pb_row _builder_version=&#8221;4.27.4&#8243; _module_preset=&#8221;default&#8221; global_colors_info=&#8221;{}&#8221; theme_builder_area=&#8221;post_content&#8221;][et_pb_column type=&#8221;4_4&#8243; _builder_version=&#8221;4.27.4&#8243; _module_preset=&#8221;default&#8221; global_colors_info=&#8221;{}&#8221; theme_builder_area=&#8221;post_content&#8221;][et_pb_heading title=&#8221;B.A.C.A. Mission&#8221; _builder_version=&#8221;4.27.4&#8243; _module_preset=&#8221;default&#8221; title_level=&#8221;h4&#8243; title_font=&#8221;|600|||||||&#8221; title_text_align=&#8221;center&#8221; custom_margin=&#8221;-5px|||||&#8221; box_shadow_style=&#8221;preset3&#8243; global_colors_info=&#8221;{}&#8221; theme_builder_area=&#8221;post_content&#8221;][\/et_pb_heading][et_pb_text _builder_version=&#8221;4.27.4&#8243; _module_preset=&#8221;default&#8221; global_colors_info=&#8221;{}&#8221; theme_builder_area=&#8221;post_content&#8221;]<\/p>\n<p style=\"text-align: center;\">Bikers Against Child Abuse\u00ae (B.A.C.A.) existiert, um ein sicheres Umfeld f\u00fcr missbrauchte Kinder zu schaffen. Wir sind eine Gruppe von Bikern mit dem Ziel, Kindern die Kraft zu geben, ohne Angst in dieser Welt leben zu k\u00f6nnen. Wir stehen unseren verletzten Freunden bei, indem wir sie in eine etablierte, vereinigte Organisation aufnehmen. Wir arbeiten mit bestehenden lokalen und staatlichen Kinderschutzorganisationen und Beh\u00f6rden zusammen. Wir wollen an alle, die mit dem missbrauchten Kind zu tun haben, eine klare Botschaft senden, dass dieses Kind Teil unserer Organisation ist und wir bereit sind, das Kind physisch und emotional mit unserer Anwesenheit und Zugeh\u00f6rigkeit zu unterst\u00fctzen. Wir stehen bereit, diese Kinder vor weiterem Missbrauch zu besch\u00fctzen. Die Anwendung von Gewalt jeglicher Art und Weise lehnen wir ab. Wenn es jedoch die Umst\u00e4nde ergeben, dass wir als einziges Hindernis zwischen dem Kind und weiterem Missbrauch stehen, dann sind wir dieses Hindernis.<\/p>\n<p>[\/et_pb_text][\/et_pb_column][\/et_pb_row][et_pb_row _builder_version=&#8221;4.27.4&#8243; _module_preset=&#8221;default&#8221; global_colors_info=&#8221;{}&#8221; theme_builder_area=&#8221;post_content&#8221;][et_pb_column type=&#8221;4_4&#8243; _builder_version=&#8221;4.27.4&#8243; _module_preset=&#8221;default&#8221; global_colors_info=&#8221;{}&#8221; theme_builder_area=&#8221;post_content&#8221;][et_pb_heading title=&#8221;Video&#8221; _builder_version=&#8221;4.27.4&#8243; _module_preset=&#8221;default&#8221; title_level=&#8221;h4&#8243; title_font=&#8221;|600|||||||&#8221; title_text_align=&#8221;center&#8221; box_shadow_style=&#8221;preset3&#8243; global_colors_info=&#8221;{}&#8221; theme_builder_area=&#8221;post_content&#8221;][\/et_pb_heading][et_pb_code _builder_version=&#8221;4.27.4&#8243; _module_preset=&#8221;default&#8221; global_colors_info=&#8221;{}&#8221; theme_builder_area=&#8221;post_content&#8221;]<iframe loading=\"lazy\" width=\"560\" height=\"315\" src=\"https:\/\/www.youtube.com\/embed\/tuF3WqJUMKc?si=bqqn8lO5ChH5rZt7\" title=\"YouTube video player\" frameborder=\"0\" allow=\"accelerometer; autoplay; clipboard-write; encrypted-media; gyroscope; picture-in-picture; web-share\" referrerpolicy=\"strict-origin-when-cross-origin\" allowfullscreen><\/iframe>[\/et_pb_code][\/et_pb_column][\/et_pb_row][et_pb_row _builder_version=&#8221;4.27.4&#8243; _module_preset=&#8221;default&#8221; global_colors_info=&#8221;{}&#8221; theme_builder_area=&#8221;post_content&#8221;][et_pb_column type=&#8221;4_4&#8243; _builder_version=&#8221;4.27.4&#8243; _module_preset=&#8221;default&#8221; global_colors_info=&#8221;{}&#8221; theme_builder_area=&#8221;post_content&#8221;][et_pb_heading title=&#8221;B.A.C.A. of Germany Board&#8221; _builder_version=&#8221;4.27.4&#8243; _module_preset=&#8221;default&#8221; title_level=&#8221;h4&#8243; title_font=&#8221;|600|||||||&#8221; title_text_align=&#8221;center&#8221; box_shadow_style=&#8221;preset3&#8243; global_colors_info=&#8221;{}&#8221; theme_builder_area=&#8221;post_content&#8221;][\/et_pb_heading][et_pb_text _builder_version=&#8221;4.27.5&#8243; _module_preset=&#8221;default&#8221; custom_margin=&#8221;-15px|||||&#8221; hover_enabled=&#8221;0&#8243; global_colors_info=&#8221;{}&#8221; theme_builder_area=&#8221;post_content&#8221; sticky_enabled=&#8221;0&#8243;]<\/p>\n<p style=\"text-align: center;\"><span style=\"color: #ff0000;\">President<\/span> \u2013 Noise<br \/><span style=\"color: #ff0000;\">Vice President<\/span> \u2013 Tech<br \/><span style=\"color: #ff0000;\">Treasurer<\/span> \u2013 D.K.<br \/><span style=\"color: #ff0000;\">Security Officer<\/span> \u2013 Fluffy<br \/><span style=\"color: #ff0000;\">Secretary<\/span> \u2013 The Sixteen<br \/><span style=\"color: #ff0000;\">Pressesprecher<\/span> \u2013 Noise<br \/><span style=\"color: #ff0000;\">Web Admin<\/span> \u2013 Nala<\/p>\n<p>[\/et_pb_text][\/et_pb_column][\/et_pb_row][et_pb_row _builder_version=&#8221;4.27.4&#8243; _module_preset=&#8221;default&#8221; global_colors_info=&#8221;{}&#8221; theme_builder_area=&#8221;post_content&#8221;][et_pb_column type=&#8221;4_4&#8243; _builder_version=&#8221;4.27.4&#8243; _module_preset=&#8221;default&#8221; global_colors_info=&#8221;{}&#8221; theme_builder_area=&#8221;post_content&#8221;][et_pb_heading title=&#8221;German Chapters&#8221; _builder_version=&#8221;4.27.4&#8243; _module_preset=&#8221;default&#8221; title_level=&#8221;h4&#8243; title_font=&#8221;|600|||||||&#8221; title_text_align=&#8221;center&#8221; box_shadow_style=&#8221;preset3&#8243; global_colors_info=&#8221;{}&#8221; theme_builder_area=&#8221;post_content&#8221;][\/et_pb_heading][et_pb_text _builder_version=&#8221;4.27.4&#8243; _module_preset=&#8221;default&#8221; custom_padding=&#8221;||24px|||&#8221; border_width_bottom=&#8221;3px&#8221; border_style_bottom=&#8221;dotted&#8221; global_colors_info=&#8221;{}&#8221; theme_builder_area=&#8221;post_content&#8221;]<\/p>\n<p style=\"text-align: center;\">Stuttgart und Umgebung: <a href=\"https:\/\/bacaworld.org\/germany\/neckar-enz-chapter\/\" target=\"_blank\" rel=\"noopener\">Neckar Enz Chapter<\/a><\/p>\n<p style=\"text-align: center;\">Frankfurt und Umgebung: <a href=\"https:\/\/bacaworld.org\/germany\/rhein-main-chapter\/\" target=\"_blank\" rel=\"noopener\">Rhein-Main Chapter<\/a><\/p>\n<p style=\"text-align: center;\">D\u00fcsseldorf und Umgebung: <a href=\"https:\/\/bacaworld.org\/germany\/rhein-ruhr-chapter\/\" target=\"_blank\" rel=\"noopener\">Rhein-Ruhr Chapter<\/a><\/p>\n<p style=\"text-align: center;\">Saarland und Umgebung: <a href=\"https:\/\/bacaworld.org\/germany\/saar-pfalz-chapter\/\" target=\"_blank\" rel=\"noopener\">Saar Pfalz Chapter<\/a><\/p>\n<p style=\"text-align: center;\">Chemnitz und Umgebung: <a href=\"https:\/\/bacaworld.org\/germany\/saxony-chapter\/\" target=\"_blank\" rel=\"noopener\">Saxony Chapter<\/a><\/p>\n<p style=\"text-align: center;\">Braunschweig und Umgebung: <a href=\"https:\/\/bacaworld.org\/germany\/spear-chapter\/\" target=\"_blank\" rel=\"noopener\">Spear Chapter<\/a><\/p>\n<p style=\"text-align: center;\">Berlin und Umgebung: Bitte kontaktiere den Germany President<\/p>\n<p style=\"text-align: center;\">Bielefeld und Umgebung: <a href=\"https:\/\/bacaworld.org\/germany\/teutoburg-forest-chapter\/\" target=\"_blank\" rel=\"noopener\">Teutoburg Forest Chapter<\/a><\/p>\n<p style=\"text-align: center;\">Quickborn und Umgebung: <a href=\"https:\/\/bacaworld.org\/germany\/waterkant-chapter\/\" target=\"_blank\" rel=\"noopener\">Waterkant Chapter<\/a><\/p>\n<p>[\/et_pb_text][\/et_pb_column][\/et_pb_row][et_pb_row _builder_version=&#8221;4.27.4&#8243; _module_preset=&#8221;default&#8221; global_colors_info=&#8221;{}&#8221; theme_builder_area=&#8221;post_content&#8221;][et_pb_column type=&#8221;4_4&#8243; _builder_version=&#8221;4.27.4&#8243; _module_preset=&#8221;default&#8221; global_colors_info=&#8221;{}&#8221; theme_builder_area=&#8221;post_content&#8221;][et_pb_heading title=&#8221;Spenden&#8221; _builder_version=&#8221;4.27.4&#8243; _module_preset=&#8221;default&#8221; title_level=&#8221;h4&#8243; title_font=&#8221;|600|||||||&#8221; title_text_align=&#8221;center&#8221; box_shadow_style=&#8221;preset3&#8243; global_colors_info=&#8221;{}&#8221; theme_builder_area=&#8221;post_content&#8221;][\/et_pb_heading][et_pb_text _builder_version=&#8221;4.27.5&#8243; _module_preset=&#8221;default&#8221; global_colors_info=&#8221;{}&#8221; theme_builder_area=&#8221;post_content&#8221;]<\/p>\n<p style=\"text-align: center;\">Spenden k\u00f6nnen auf folgendes Konto \u00fcberwiesen werden:<br \/><strong>IBAN<\/strong>: DE90 4306 0967 1371 9639 00<br \/><strong>BIC<\/strong>: GENODEM1GLS<\/p>\n<p style=\"text-align: center;\"><img loading=\"lazy\" decoding=\"async\" src=\"https:\/\/bacaworld.org\/germany\/wp-content\/uploads\/sites\/67\/2026\/02\/GermanyStateDonations-257x300.png\" width=\"286\" height=\"334\" alt=\"\" class=\"wp-image-287 alignnone size-medium\" \/><\/p>\n<p style=\"text-align: center;\"><b>Nutzung des QR Code f\u00fcr Spenden:<\/b><br \/>1. Starte deine Banking-App.<br \/>2. Je nach Banking-App kannst du die Funktion \u201eBank\u00fcberweisung\u201d verwenden oder direkt mit Punkt 3 fortfahren.<br \/>3. W\u00e4hle die Option \u201eFoto\u00fcberweisung\u201d, \u201eScanner\u201d oder eine \u00e4hnliche Bezeichnung aus.<br \/>4. W\u00e4hle gegebenenfalls die Option \u201eQR-Code\u201d oder eine \u00e4hnliche Bezeichnung aus.<br \/>5. Scanne den QR-Code.<br \/>6. Gib den gew\u00fcnschten Spendenbetrag ein.<br \/>7. F\u00fcr eine Spendenquittung gib im Verwendungszweck folgendes an: Name, Adresse, E-Mail-Adresse.<\/p>\n<p style=\"text-align: center;\">Hinweis: Gerne senden wir Ihnen eine elektronische\/digitale Spendenbescheinigung zu. Bitte geben Sie Ihren Namen, Ihre Adresse und Ihre E-Mail-Adresse im Verwendungszweck an.<\/p>\n<p>[\/et_pb_text][\/et_pb_column][\/et_pb_row][et_pb_row disabled_on=&#8221;off|off|off&#8221; _builder_version=&#8221;4.27.4&#8243; _module_preset=&#8221;default&#8221; global_colors_info=&#8221;{}&#8221; theme_builder_area=&#8221;post_content&#8221;][et_pb_column type=&#8221;4_4&#8243; _builder_version=&#8221;4.27.4&#8243; _module_preset=&#8221;default&#8221; global_colors_info=&#8221;{}&#8221; theme_builder_area=&#8221;post_content&#8221;][et_pb_heading title=&#8221;Nimm Kontakt mit B.A.C.A. Germany auf&#8221; _builder_version=&#8221;4.27.4&#8243; _module_preset=&#8221;default&#8221; title_level=&#8221;h4&#8243; title_font=&#8221;|600|||||||&#8221; title_text_align=&#8221;center&#8221; box_shadow_style=&#8221;preset3&#8243; global_colors_info=&#8221;{}&#8221; theme_builder_area=&#8221;post_content&#8221;][\/et_pb_heading][et_pb_contact_form use_spam_service=&#8221;on&#8221; recaptcha_list=&#8221;bacaworldorg|bacaworldorg-0&#8243; email=&#8221;president@germany.bacaworld.org&#8221; title=&#8221;Bitte benutzen Sie das unten stehende Formular, um Kontakt aufzunehmen.&#8221; custom_message=&#8221;%%message%%||et_pb_line_break_holder|| ||et_pb_line_break_holder||Name: %%Name%%||et_pb_line_break_holder||Email: %%Email%%&#8221; success_message=&#8221;Thank You For Contacting Us!&#8221; admin_label=&#8221;Contact Form&#8221; _builder_version=&#8221;4.27.4&#8243; _module_preset=&#8221;default&#8221; _unique_id=&#8221;4554aea3-c3d6-4c45-b012-79790afd6ad3&#8243; title_level=&#8221;h5&#8243; title_font=&#8221;|600|||||||&#8221; title_text_align=&#8221;center&#8221; custom_button=&#8221;on&#8221; button_text_size=&#8221;14px&#8221; button_text_color=&#8221;#E02B20&#8243; global_colors_info=&#8221;{}&#8221; theme_builder_area=&#8221;post_content&#8221;][et_pb_contact_field field_id=&#8221;Name&#8221; field_title=&#8221;Name&#8221; _builder_version=&#8221;4.16&#8243; global_colors_info=&#8221;{}&#8221; button_text_size__hover_enabled=&#8221;off&#8221; button_one_text_size__hover_enabled=&#8221;off&#8221; button_two_text_size__hover_enabled=&#8221;off&#8221; button_text_color__hover_enabled=&#8221;off&#8221; button_one_text_color__hover_enabled=&#8221;off&#8221; button_two_text_color__hover_enabled=&#8221;off&#8221; button_border_width__hover_enabled=&#8221;off&#8221; button_one_border_width__hover_enabled=&#8221;off&#8221; button_two_border_width__hover_enabled=&#8221;off&#8221; button_border_color__hover_enabled=&#8221;off&#8221; button_one_border_color__hover_enabled=&#8221;off&#8221; button_two_border_color__hover_enabled=&#8221;off&#8221; button_border_radius__hover_enabled=&#8221;off&#8221; button_one_border_radius__hover_enabled=&#8221;off&#8221; button_two_border_radius__hover_enabled=&#8221;off&#8221; button_letter_spacing__hover_enabled=&#8221;off&#8221; button_one_letter_spacing__hover_enabled=&#8221;off&#8221; button_two_letter_spacing__hover_enabled=&#8221;off&#8221; button_bg_color__hover_enabled=&#8221;off&#8221; button_one_bg_color__hover_enabled=&#8221;off&#8221; button_two_bg_color__hover_enabled=&#8221;off&#8221; theme_builder_area=&#8221;post_content&#8221;][\/et_pb_contact_field][et_pb_contact_field field_id=&#8221;Email&#8221; field_title=&#8221;Email Address&#8221; field_type=&#8221;email&#8221; _builder_version=&#8221;4.16&#8243; global_colors_info=&#8221;{}&#8221; button_text_size__hover_enabled=&#8221;off&#8221; button_one_text_size__hover_enabled=&#8221;off&#8221; button_two_text_size__hover_enabled=&#8221;off&#8221; button_text_color__hover_enabled=&#8221;off&#8221; button_one_text_color__hover_enabled=&#8221;off&#8221; button_two_text_color__hover_enabled=&#8221;off&#8221; button_border_width__hover_enabled=&#8221;off&#8221; button_one_border_width__hover_enabled=&#8221;off&#8221; button_two_border_width__hover_enabled=&#8221;off&#8221; button_border_color__hover_enabled=&#8221;off&#8221; button_one_border_color__hover_enabled=&#8221;off&#8221; button_two_border_color__hover_enabled=&#8221;off&#8221; button_border_radius__hover_enabled=&#8221;off&#8221; button_one_border_radius__hover_enabled=&#8221;off&#8221; button_two_border_radius__hover_enabled=&#8221;off&#8221; button_letter_spacing__hover_enabled=&#8221;off&#8221; button_one_letter_spacing__hover_enabled=&#8221;off&#8221; button_two_letter_spacing__hover_enabled=&#8221;off&#8221; button_bg_color__hover_enabled=&#8221;off&#8221; button_one_bg_color__hover_enabled=&#8221;off&#8221; button_two_bg_color__hover_enabled=&#8221;off&#8221; theme_builder_area=&#8221;post_content&#8221;][\/et_pb_contact_field][et_pb_contact_field field_id=&#8221;Message&#8221; field_title=&#8221;Message&#8221; field_type=&#8221;text&#8221; fullwidth_field=&#8221;on&#8221; _builder_version=&#8221;4.16&#8243; global_colors_info=&#8221;{}&#8221; button_text_size__hover_enabled=&#8221;off&#8221; button_one_text_size__hover_enabled=&#8221;off&#8221; button_two_text_size__hover_enabled=&#8221;off&#8221; button_text_color__hover_enabled=&#8221;off&#8221; button_one_text_color__hover_enabled=&#8221;off&#8221; button_two_text_color__hover_enabled=&#8221;off&#8221; button_border_width__hover_enabled=&#8221;off&#8221; button_one_border_width__hover_enabled=&#8221;off&#8221; button_two_border_width__hover_enabled=&#8221;off&#8221; button_border_color__hover_enabled=&#8221;off&#8221; button_one_border_color__hover_enabled=&#8221;off&#8221; button_two_border_color__hover_enabled=&#8221;off&#8221; button_border_radius__hover_enabled=&#8221;off&#8221; button_one_border_radius__hover_enabled=&#8221;off&#8221; button_two_border_radius__hover_enabled=&#8221;off&#8221; button_letter_spacing__hover_enabled=&#8221;off&#8221; button_one_letter_spacing__hover_enabled=&#8221;off&#8221; button_two_letter_spacing__hover_enabled=&#8221;off&#8221; button_bg_color__hover_enabled=&#8221;off&#8221; button_one_bg_color__hover_enabled=&#8221;off&#8221; button_two_bg_color__hover_enabled=&#8221;off&#8221; theme_builder_area=&#8221;post_content&#8221;][\/et_pb_contact_field][\/et_pb_contact_form][\/et_pb_column][\/et_pb_row][\/et_pb_section]<\/p>\n","protected":false},"excerpt":{"rendered":"<p>B.A.C.A. International Germany e.V. (\u201cB.A.C.A. Germany\u201d)B.A.C.A. Bikers Against Child Abuse arbeitet gemeinn\u00fctzig als eingetragener Verein.Die Eintragung erfolgte beim Amtsgericht K\u00f6ln im Vereinsregister auf dem Registerblatt VR 18946 B.A.C.A. International Germany e.V.F\u00e4hrstra\u00dfe 21740221 D\u00fcsseldorf Helpline +49 175 \/ 4546479Bikers Against Child Abuse\u00ae (B.A.C.A.) existiert, um ein sicheres Umfeld f\u00fcr missbrauchte Kinder zu schaffen. Wir sind eine [&hellip;]<\/p>\n","protected":false},"author":1,"featured_media":0,"parent":0,"menu_order":0,"comment_status":"closed","ping_status":"closed","template":"","meta":{"_et_pb_use_builder":"on","_et_pb_old_content":"","_et_gb_content_width":"","footnotes":""},"class_list":["post-26","page","type-page","status-publish","hentry"],"_links":{"self":[{"href":"https:\/\/bacaworld.org\/germany\/wp-json\/wp\/v2\/pages\/26","targetHints":{"allow":["GET"]}}],"collection":[{"href":"https:\/\/bacaworld.org\/germany\/wp-json\/wp\/v2\/pages"}],"about":[{"href":"https:\/\/bacaworld.org\/germany\/wp-json\/wp\/v2\/types\/page"}],"author":[{"embeddable":true,"href":"https:\/\/bacaworld.org\/germany\/wp-json\/wp\/v2\/users\/1"}],"replies":[{"embeddable":true,"href":"https:\/\/bacaworld.org\/germany\/wp-json\/wp\/v2\/comments?post=26"}],"version-history":[{"count":23,"href":"https:\/\/bacaworld.org\/germany\/wp-json\/wp\/v2\/pages\/26\/revisions"}],"predecessor-version":[{"id":326,"href":"https:\/\/bacaworld.org\/germany\/wp-json\/wp\/v2\/pages\/26\/revisions\/326"}],"wp:attachment":[{"href":"https:\/\/bacaworld.org\/germany\/wp-json\/wp\/v2\/media?parent=26"}],"curies":[{"name":"wp","href":"https:\/\/api.w.org\/{rel}","templated":true}]}}