{"id":26,"date":"2024-12-19T19:34:23","date_gmt":"2024-12-19T19:34:23","guid":{"rendered":"https:\/\/bacaworld.org\/iceland\/?page_id=26"},"modified":"2026-03-08T00:40:03","modified_gmt":"2026-03-08T00:40:03","slug":"b-a-c-a-of-iceland","status":"publish","type":"page","link":"https:\/\/bacaworld.org\/iceland\/","title":{"rendered":"B.A.C.A. of Iceland"},"content":{"rendered":"<p>[et_pb_section fb_built=&#8221;1&#8243; admin_label=&#8221;section&#8221; _builder_version=&#8221;4.16&#8243; custom_margin=&#8221;||20px|||&#8221; global_colors_info=&#8221;{}&#8221; theme_builder_area=&#8221;post_content&#8221;][et_pb_row disabled_on=&#8221;on|on|on&#8221; admin_label=&#8221;row&#8221; _builder_version=&#8221;4.16&#8243; background_size=&#8221;initial&#8221; background_position=&#8221;top_left&#8221; background_repeat=&#8221;repeat&#8221; custom_margin=&#8221;-56px|auto||auto||&#8221; disabled=&#8221;on&#8221; global_colors_info=&#8221;{}&#8221; theme_builder_area=&#8221;post_content&#8221;][et_pb_column type=&#8221;4_4&#8243; _builder_version=&#8221;4.16&#8243; custom_padding=&#8221;|||&#8221; global_colors_info=&#8221;{}&#8221; custom_padding__hover=&#8221;|||&#8221; theme_builder_area=&#8221;post_content&#8221;][et_pb_button button_text=&#8221;Donate To B.A.C.A.&#8221; button_alignment=&#8221;center&#8221; _builder_version=&#8221;4.27.4&#8243; _module_preset=&#8221;default&#8221; custom_button=&#8221;on&#8221; button_text_size=&#8221;14px&#8221; button_text_color=&#8221;#E02B20&#8243; box_shadow_style=&#8221;preset1&#8243; global_colors_info=&#8221;{}&#8221; theme_builder_area=&#8221;post_content&#8221;][\/et_pb_button][\/et_pb_column][\/et_pb_row][et_pb_row _builder_version=&#8221;4.27.4&#8243; _module_preset=&#8221;default&#8221; global_colors_info=&#8221;{}&#8221; theme_builder_area=&#8221;post_content&#8221;][et_pb_column type=&#8221;4_4&#8243; _builder_version=&#8221;4.27.4&#8243; _module_preset=&#8221;default&#8221; global_colors_info=&#8221;{}&#8221; theme_builder_area=&#8221;post_content&#8221;][et_pb_image src=&#8221;https:\/\/bacaworld.org\/iceland\/wp-content\/uploads\/sites\/58\/2024\/12\/BACA-two-fist-logo.jpg&#8221; title_text=&#8221;BACA-two-fist-logo&#8221; align=&#8221;center&#8221; _builder_version=&#8221;4.27.4&#8243; _module_preset=&#8221;default&#8221; global_colors_info=&#8221;{}&#8221; theme_builder_area=&#8221;post_content&#8221;][\/et_pb_image][\/et_pb_column][\/et_pb_row][et_pb_row _builder_version=&#8221;4.27.4&#8243; _module_preset=&#8221;default&#8221; global_colors_info=&#8221;{}&#8221; theme_builder_area=&#8221;post_content&#8221;][et_pb_column type=&#8221;4_4&#8243; _builder_version=&#8221;4.27.4&#8243; _module_preset=&#8221;default&#8221; global_colors_info=&#8221;{}&#8221; theme_builder_area=&#8221;post_content&#8221;][et_pb_text _builder_version=&#8221;4.27.4&#8243; _module_preset=&#8221;default&#8221; global_colors_info=&#8221;{}&#8221; theme_builder_area=&#8221;post_content&#8221;]<\/p>\n<p style=\"text-align: center;\"><strong>Iceland Bikers Against Child Abuse<\/strong><br \/>P.O. Box 8087<br \/>Reykjavik IS<br \/>Iceland<\/p>\n<p style=\"text-align: center;\"><strong><span style=\"color: #ff0000;\">Hj\u00e1lpars\u00edmi +354-780-2131<\/span><\/strong><\/p>\n<p>[\/et_pb_text][\/et_pb_column][\/et_pb_row][et_pb_row _builder_version=&#8221;4.27.4&#8243; _module_preset=&#8221;default&#8221; global_colors_info=&#8221;{}&#8221; theme_builder_area=&#8221;post_content&#8221;][et_pb_column type=&#8221;4_4&#8243; _builder_version=&#8221;4.27.4&#8243; _module_preset=&#8221;default&#8221; global_colors_info=&#8221;{}&#8221; theme_builder_area=&#8221;post_content&#8221;][et_pb_heading title=&#8221;Smelltu \u00e1 hlutverki\u00f0 til a\u00f0 senda skilabo\u00f0:&#8221; _builder_version=&#8221;4.27.4&#8243; _module_preset=&#8221;default&#8221; title_level=&#8221;h4&#8243; title_font=&#8221;|600|||||||&#8221; title_text_align=&#8221;center&#8221; custom_margin=&#8221;-5px|||||&#8221; box_shadow_style=&#8221;preset3&#8243; global_colors_info=&#8221;{}&#8221; theme_builder_area=&#8221;post_content&#8221;][\/et_pb_heading][et_pb_text _builder_version=&#8221;4.27.5&#8243; _module_preset=&#8221;default&#8221; custom_padding=&#8221;2px|||||&#8221; hover_enabled=&#8221;0&#8243; global_colors_info=&#8221;{}&#8221; theme_builder_area=&#8221;post_content&#8221; sticky_enabled=&#8221;0&#8243;]<\/p>\n<p style=\"text-align: center;\"><span style=\"color: #ff0000;\">President:<\/span> <span class=\"field\"><span id=\"CustomField2\" class=\"sLabel sLabelSmall\">Fonzie<\/span><\/span><\/p>\n<p style=\"text-align: center;\"><span style=\"color: #ff0000;\">Vice President:<\/span> Mickey<\/p>\n<p style=\"text-align: center;\"><span style=\"color: #ff0000;\">Security Officer:<\/span> Hailz<\/p>\n<p style=\"text-align: center;\"><span style=\"color: #ff0000;\">Secretary:<\/span> Bones<\/p>\n<p style=\"text-align: center;\"><span style=\"color: #ff0000;\">Treasurer:<\/span> Dude<\/p>\n<p>[\/et_pb_text][\/et_pb_column][\/et_pb_row][et_pb_row _builder_version=&#8221;4.27.4&#8243; _module_preset=&#8221;default&#8221; global_colors_info=&#8221;{}&#8221; theme_builder_area=&#8221;post_content&#8221;][et_pb_column type=&#8221;4_4&#8243; _builder_version=&#8221;4.27.4&#8243; _module_preset=&#8221;default&#8221; global_colors_info=&#8221;{}&#8221; theme_builder_area=&#8221;post_content&#8221;][et_pb_heading title=&#8221;MARKMI\u00d0.&#8221; _builder_version=&#8221;4.27.4&#8243; _module_preset=&#8221;default&#8221; title_level=&#8221;h4&#8243; title_font=&#8221;|600|||||||&#8221; title_text_align=&#8221;center&#8221; box_shadow_style=&#8221;preset3&#8243; global_colors_info=&#8221;{}&#8221; theme_builder_area=&#8221;post_content&#8221;][\/et_pb_heading][et_pb_text _builder_version=&#8221;4.27.4&#8243; _module_preset=&#8221;default&#8221; custom_margin=&#8221;-7px|||||&#8221; custom_padding=&#8221;||23px|||&#8221; border_width_bottom=&#8221;3px&#8221; border_color_bottom=&#8221;#000000&#8243; border_style_bottom=&#8221;dotted&#8221; global_colors_info=&#8221;{}&#8221; theme_builder_area=&#8221;post_content&#8221;]<\/p>\n<p style=\"text-align: center;\">Bikers Against Child Abuse (BACA) eru samt\u00f6k sem starfa \u00ed \u00feeim tilgangi a\u00f0 b\u00faa misnotu\u00f0um b\u00f6rnum \u00f6ruggara umhverfi. Vi\u00f0 erum til sta\u00f0ar sem h\u00f3pur bifhj\u00f3laf\u00f3lks sem styrkir b\u00f6rn til a\u00f0 vera ekki hr\u00e6dd \u00ed \u00feeim heimi sem \u00feau lifa. Vi\u00f0 erum rei\u00f0ub\u00fain til a\u00f0 li\u00f0sinna s\u00e6r\u00f0um vinum okkar me\u00f0 \u00fev\u00ed a\u00f0 veita \u00feeim a\u00f0ild a\u00f0 vi\u00f0urkenndum samt\u00f6kum. Vi\u00f0 st\u00f6rfum me\u00f0 vitund og sam\u00feykki \u00feeirra opinberu a\u00f0ila sem eru \u00feegar til sta\u00f0ar til verndar b\u00f6rnum. Vi\u00f0 viljum senda sk\u00fdr skilabo\u00f0 til allra vi\u00f0komandi a\u00f0 \u00feetta barn er hluti af okkar samt\u00f6kum og vi\u00f0 erum rei\u00f0ub\u00fain a\u00f0 veita andlegan og l\u00edkamlegan stu\u00f0ning me\u00f0 a\u00f0komu okkar og n\u00e6rveru. Vi\u00f0 erum tilb\u00fain a\u00f0 verja \u00feessi b\u00f6rn fyrir frekari misnotkun. Vi\u00f0 sam\u00feykkjum ekki ofbeldi \u00ed neinni mynd. En komi upp \u00fe\u00e6r kringumst\u00e6\u00f0ur a\u00f0 vi\u00f0 s\u00e9um eina hindrun \u00feess a\u00f0 barn s\u00e9 beitt \u00e1framhaldandi misnotkun erum vi\u00f0 rei\u00f0ub\u00fain a\u00f0 vera s\u00fa hindrun.<\/p>\n<p>[\/et_pb_text][et_pb_text _builder_version=&#8221;4.27.4&#8243; _module_preset=&#8221;default&#8221; custom_margin=&#8221;5px|||||&#8221; global_colors_info=&#8221;{}&#8221; theme_builder_area=&#8221;post_content&#8221;]<\/p>\n<p style=\"text-align: center;\">Kaflafundir eru haldnir fyrsta mi\u00f0vikudag \u00ed hverjum m\u00e1nu\u00f0i kl. 20:00<br \/>a\u00f0 funah\u00f6f\u00f0a 5, 110 Reykjav\u00edk og eru \u00feeir opnir \u00f6llum.<br \/>Reikningsuppl\u00fdsingar<br \/>0133-15-006758<br \/>Kt. 520216-2780<\/p>\n<p>[\/et_pb_text][\/et_pb_column][\/et_pb_row][et_pb_row _builder_version=&#8221;4.27.4&#8243; _module_preset=&#8221;default&#8221; global_colors_info=&#8221;{}&#8221; theme_builder_area=&#8221;post_content&#8221;][et_pb_column type=&#8221;4_4&#8243; _builder_version=&#8221;4.27.4&#8243; _module_preset=&#8221;default&#8221; global_colors_info=&#8221;{}&#8221; theme_builder_area=&#8221;post_content&#8221;][et_pb_heading title=&#8221;Hafa samband vi\u00f0 B.A.C.A \u00e1 \u00cdslandi&#8221; _builder_version=&#8221;4.27.4&#8243; _module_preset=&#8221;default&#8221; title_level=&#8221;h4&#8243; title_font=&#8221;|600|||||||&#8221; title_text_align=&#8221;center&#8221; custom_margin=&#8221;-5px|||||&#8221; box_shadow_style=&#8221;preset3&#8243; global_colors_info=&#8221;{}&#8221; theme_builder_area=&#8221;post_content&#8221;][\/et_pb_heading][et_pb_contact_form use_spam_service=&#8221;on&#8221; recaptcha_list=&#8221;bacaworldorg|bacaworldorg-0&#8243; email=&#8221;ChildLiaison@ic-isl.bacaworld.org&#8221; custom_message=&#8221;%%message%%||et_pb_line_break_holder|| ||et_pb_line_break_holder||Name: %%Name%%||et_pb_line_break_holder||Email: %%Email%%&#8221; _builder_version=&#8221;4.27.4&#8243; _module_preset=&#8221;default&#8221; _unique_id=&#8221;9d4bb526-d6bf-4076-b723-0b517108f42b&#8221; global_colors_info=&#8221;{}&#8221; theme_builder_area=&#8221;post_content&#8221;][et_pb_contact_field field_id=&#8221;Name&#8221; field_title=&#8221;Name&#8221; _builder_version=&#8221;4.16&#8243; global_colors_info=&#8221;{}&#8221; button_text_size__hover_enabled=&#8221;off&#8221; button_one_text_size__hover_enabled=&#8221;off&#8221; button_two_text_size__hover_enabled=&#8221;off&#8221; button_text_color__hover_enabled=&#8221;off&#8221; button_one_text_color__hover_enabled=&#8221;off&#8221; button_two_text_color__hover_enabled=&#8221;off&#8221; button_border_width__hover_enabled=&#8221;off&#8221; button_one_border_width__hover_enabled=&#8221;off&#8221; button_two_border_width__hover_enabled=&#8221;off&#8221; button_border_color__hover_enabled=&#8221;off&#8221; button_one_border_color__hover_enabled=&#8221;off&#8221; button_two_border_color__hover_enabled=&#8221;off&#8221; button_border_radius__hover_enabled=&#8221;off&#8221; button_one_border_radius__hover_enabled=&#8221;off&#8221; button_two_border_radius__hover_enabled=&#8221;off&#8221; button_letter_spacing__hover_enabled=&#8221;off&#8221; button_one_letter_spacing__hover_enabled=&#8221;off&#8221; button_two_letter_spacing__hover_enabled=&#8221;off&#8221; button_bg_color__hover_enabled=&#8221;off&#8221; button_one_bg_color__hover_enabled=&#8221;off&#8221; button_two_bg_color__hover_enabled=&#8221;off&#8221; theme_builder_area=&#8221;post_content&#8221;][\/et_pb_contact_field][et_pb_contact_field field_id=&#8221;Email&#8221; field_title=&#8221;Email Address&#8221; field_type=&#8221;email&#8221; _builder_version=&#8221;4.16&#8243; global_colors_info=&#8221;{}&#8221; button_text_size__hover_enabled=&#8221;off&#8221; button_one_text_size__hover_enabled=&#8221;off&#8221; button_two_text_size__hover_enabled=&#8221;off&#8221; button_text_color__hover_enabled=&#8221;off&#8221; button_one_text_color__hover_enabled=&#8221;off&#8221; button_two_text_color__hover_enabled=&#8221;off&#8221; button_border_width__hover_enabled=&#8221;off&#8221; button_one_border_width__hover_enabled=&#8221;off&#8221; button_two_border_width__hover_enabled=&#8221;off&#8221; button_border_color__hover_enabled=&#8221;off&#8221; button_one_border_color__hover_enabled=&#8221;off&#8221; button_two_border_color__hover_enabled=&#8221;off&#8221; button_border_radius__hover_enabled=&#8221;off&#8221; button_one_border_radius__hover_enabled=&#8221;off&#8221; button_two_border_radius__hover_enabled=&#8221;off&#8221; button_letter_spacing__hover_enabled=&#8221;off&#8221; button_one_letter_spacing__hover_enabled=&#8221;off&#8221; button_two_letter_spacing__hover_enabled=&#8221;off&#8221; button_bg_color__hover_enabled=&#8221;off&#8221; button_one_bg_color__hover_enabled=&#8221;off&#8221; button_two_bg_color__hover_enabled=&#8221;off&#8221; theme_builder_area=&#8221;post_content&#8221;][\/et_pb_contact_field][et_pb_contact_field field_id=&#8221;Message&#8221; field_title=&#8221;Message&#8221; field_type=&#8221;text&#8221; fullwidth_field=&#8221;on&#8221; _builder_version=&#8221;4.16&#8243; global_colors_info=&#8221;{}&#8221; button_text_size__hover_enabled=&#8221;off&#8221; button_one_text_size__hover_enabled=&#8221;off&#8221; button_two_text_size__hover_enabled=&#8221;off&#8221; button_text_color__hover_enabled=&#8221;off&#8221; button_one_text_color__hover_enabled=&#8221;off&#8221; button_two_text_color__hover_enabled=&#8221;off&#8221; button_border_width__hover_enabled=&#8221;off&#8221; button_one_border_width__hover_enabled=&#8221;off&#8221; button_two_border_width__hover_enabled=&#8221;off&#8221; button_border_color__hover_enabled=&#8221;off&#8221; button_one_border_color__hover_enabled=&#8221;off&#8221; button_two_border_color__hover_enabled=&#8221;off&#8221; button_border_radius__hover_enabled=&#8221;off&#8221; button_one_border_radius__hover_enabled=&#8221;off&#8221; button_two_border_radius__hover_enabled=&#8221;off&#8221; button_letter_spacing__hover_enabled=&#8221;off&#8221; button_one_letter_spacing__hover_enabled=&#8221;off&#8221; button_two_letter_spacing__hover_enabled=&#8221;off&#8221; button_bg_color__hover_enabled=&#8221;off&#8221; button_one_bg_color__hover_enabled=&#8221;off&#8221; button_two_bg_color__hover_enabled=&#8221;off&#8221; theme_builder_area=&#8221;post_content&#8221;][\/et_pb_contact_field][\/et_pb_contact_form][\/et_pb_column][\/et_pb_row][\/et_pb_section]<\/p>\n","protected":false},"excerpt":{"rendered":"<p>Iceland Bikers Against Child AbuseP.O. Box 8087Reykjavik ISIceland Hj\u00e1lpars\u00edmi +354-780-2131President: Fonzie Vice President: Mickey Security Officer: Hailz Secretary: Bones Treasurer: DudeBikers Against Child Abuse (BACA) eru samt\u00f6k sem starfa \u00ed \u00feeim tilgangi a\u00f0 b\u00faa misnotu\u00f0um b\u00f6rnum \u00f6ruggara umhverfi. Vi\u00f0 erum til sta\u00f0ar sem h\u00f3pur bifhj\u00f3laf\u00f3lks sem styrkir b\u00f6rn til a\u00f0 vera ekki hr\u00e6dd \u00ed \u00feeim [&hellip;]<\/p>\n","protected":false},"author":1,"featured_media":0,"parent":0,"menu_order":0,"comment_status":"closed","ping_status":"closed","template":"","meta":{"_et_pb_use_builder":"on","_et_pb_old_content":"","_et_gb_content_width":"","footnotes":""},"class_list":["post-26","page","type-page","status-publish","hentry"],"_links":{"self":[{"href":"https:\/\/bacaworld.org\/iceland\/wp-json\/wp\/v2\/pages\/26","targetHints":{"allow":["GET"]}}],"collection":[{"href":"https:\/\/bacaworld.org\/iceland\/wp-json\/wp\/v2\/pages"}],"about":[{"href":"https:\/\/bacaworld.org\/iceland\/wp-json\/wp\/v2\/types\/page"}],"author":[{"embeddable":true,"href":"https:\/\/bacaworld.org\/iceland\/wp-json\/wp\/v2\/users\/1"}],"replies":[{"embeddable":true,"href":"https:\/\/bacaworld.org\/iceland\/wp-json\/wp\/v2\/comments?post=26"}],"version-history":[{"count":10,"href":"https:\/\/bacaworld.org\/iceland\/wp-json\/wp\/v2\/pages\/26\/revisions"}],"predecessor-version":[{"id":50,"href":"https:\/\/bacaworld.org\/iceland\/wp-json\/wp\/v2\/pages\/26\/revisions\/50"}],"wp:attachment":[{"href":"https:\/\/bacaworld.org\/iceland\/wp-json\/wp\/v2\/media?parent=26"}],"curies":[{"name":"wp","href":"https:\/\/api.w.org\/{rel}","templated":true}]}}