{"id":29,"date":"2024-12-20T17:39:28","date_gmt":"2024-12-20T17:39:28","guid":{"rendered":"https:\/\/bacaworld.org\/italy\/?page_id=29"},"modified":"2024-12-20T18:13:03","modified_gmt":"2024-12-20T18:13:03","slug":"chi-siamo","status":"publish","type":"page","link":"https:\/\/bacaworld.org\/italy\/chi-siamo\/","title":{"rendered":"CHI SIAMO"},"content":{"rendered":"<p>[et_pb_section fb_built=&#8221;1&#8243; admin_label=&#8221;section&#8221; _builder_version=&#8221;4.16&#8243; custom_margin=&#8221;||56px|||&#8221; global_colors_info=&#8221;{}&#8221; theme_builder_area=&#8221;post_content&#8221;][et_pb_row admin_label=&#8221;row&#8221; _builder_version=&#8221;4.16&#8243; background_size=&#8221;initial&#8221; background_position=&#8221;top_left&#8221; background_repeat=&#8221;repeat&#8221; custom_margin=&#8221;-56px|auto||auto||&#8221; global_colors_info=&#8221;{}&#8221; theme_builder_area=&#8221;post_content&#8221;][et_pb_column type=&#8221;4_4&#8243; _builder_version=&#8221;4.16&#8243; custom_padding=&#8221;|||&#8221; global_colors_info=&#8221;{}&#8221; custom_padding__hover=&#8221;|||&#8221; theme_builder_area=&#8221;post_content&#8221;][et_pb_button button_text=&#8221;Donate To B.A.C.A.&#8221; button_alignment=&#8221;center&#8221; _builder_version=&#8221;4.27.4&#8243; _module_preset=&#8221;default&#8221; custom_button=&#8221;on&#8221; button_text_size=&#8221;14px&#8221; button_text_color=&#8221;#E02B20&#8243; box_shadow_style=&#8221;preset1&#8243; global_colors_info=&#8221;{}&#8221; theme_builder_area=&#8221;post_content&#8221;][\/et_pb_button][\/et_pb_column][\/et_pb_row][et_pb_row _builder_version=&#8221;4.27.4&#8243; _module_preset=&#8221;default&#8221; global_colors_info=&#8221;{}&#8221; theme_builder_area=&#8221;post_content&#8221;][et_pb_column type=&#8221;4_4&#8243; _builder_version=&#8221;4.27.4&#8243; _module_preset=&#8221;default&#8221; global_colors_info=&#8221;{}&#8221; theme_builder_area=&#8221;post_content&#8221;][et_pb_text _builder_version=&#8221;4.27.4&#8243; _module_preset=&#8221;default&#8221; background_color=&#8221;#efefef&#8221; border_color_all=&#8221;RGBA(255,255,255,0)&#8221; border_style_all=&#8221;none&#8221; border_width_bottom=&#8221;3px&#8221; border_style_bottom=&#8221;dotted&#8221; box_shadow_style=&#8221;preset1&#8243; global_colors_info=&#8221;{}&#8221; theme_builder_area=&#8221;post_content&#8221;]<\/p>\n<p style=\"text-align: center;\"><strong><br \/>DICHIARAZIONE DI MISSIONE B.A.C.A.<\/strong><br \/>Bikers Against Child Abuse (B.A.C.A.), \u201cMotociclisti Contro l\u2019Abuso sui Bambini\u201d, esiste con l\u2019intento di creare un ambiente pi\u00f9 sicuro per i bambini vittime di abuso. Esistiamo come associazione di Bikers per dare forza ai bambini affinch\u00e9 non abbiano paura del mondo in cui vivono. Siamo pronti a prestare supporto ai nostri amici feriti coinvolgendoli in un\u2019organizzazione unita e riconosciuta. Lavoriamo insieme a funzionari locali e statali che sono gi\u00e0 attivi nella protezione dei bambini. Desideriamo mandare un chiaro messaggio a tutti coloro che sono coinvolti nella realt\u00e0 dei bambini abusati dichiarando che questi bambini fanno parte della nostra organizzazione e che siamo preparati a fornire loro il nostro supporto fisico ed emotivo tramite l\u2019affiliazione e con la nostra presenza fisica. Siamo pronti a proteggere questi bambini da ulteriori abusi. Non giustifichiamo inalcun modo l\u2019uso della violenza o della forza fisica, tuttavia, se sorgessero circostanze ove noi fossimo l\u2019unico ostacolo a frapporsi tra il bambino ed un ulteriore abuso, siamo pronti ad essere quell\u2019ostacolo.<\/p>\n<p style=\"text-align: center;\">[\/et_pb_text][\/et_pb_column][\/et_pb_row][et_pb_row _builder_version=&#8221;4.27.4&#8243; _module_preset=&#8221;default&#8221; global_colors_info=&#8221;{}&#8221; theme_builder_area=&#8221;post_content&#8221;][et_pb_column type=&#8221;4_4&#8243; _builder_version=&#8221;4.27.4&#8243; _module_preset=&#8221;default&#8221; global_colors_info=&#8221;{}&#8221; theme_builder_area=&#8221;post_content&#8221;][et_pb_accordion toggle_icon=&#8221;&#xf067;||fa||900&#8243; _builder_version=&#8221;4.27.4&#8243; _module_preset=&#8221;default&#8221; hover_enabled=&#8221;0&#8243; global_colors_info=&#8221;{}&#8221; theme_builder_area=&#8221;post_content&#8221; sticky_enabled=&#8221;0&#8243;][et_pb_accordion_item title=&#8221;PRESENTAZIONE B.A.C.A. INTERNATIONAL ITALY ODV&#8221; open=&#8221;on&#8221; open_toggle_background_color=&#8221;RGBA(255,255,255,0)&#8221; icon_color=&#8221;#E02B20&#8243; use_icon_font_size=&#8221;on&#8221; icon_font_size=&#8221;14px&#8221; _builder_version=&#8221;4.27.4&#8243; _module_preset=&#8221;default&#8221; global_colors_info=&#8221;{}&#8221; theme_builder_area=&#8221;post_content&#8221;]<\/p>\n<p><strong>B.A.C.A.\u00ae \u2013 BIKERS AGAINST CHILD ABUSE\u00ae<\/strong> \u2013 (Bikers contro l\u2019abuso sui bambini) \u00e8 un\u2019Organizzazione NO-PROFIT Internazionale, nata negli Usa, pi\u00f9 precisamente nello Stato dello Utah, nel 1995, con l\u2019intento di\u00a0 combattere la piaga delle violenze e dei maltrattamenti sui minori, di dar loro sostegno, sicurezza e conforto, aiutarli a non vivere pi\u00f9 nella paura e far recuperare loro fiducia nel mondo, in particolare negli adulti.<br \/>Da esperienze personali il nostro Fondatore, biker e Operatore Sociale Autorizzato, Psicologo\/Psicoterapeuta dell\u2019Et\u00e0 evolutiva, matur\u00f2 la\u00a0 convinzione che la figura del biker avesse capacit\u00e0 di attrazione e forza utili a\u00a0dare sostegno ai bambini abusati.<br \/>Egli non sbagli\u00f2 e, creata grazie ad un ridottissimo gruppo di bikers, oggi B.A.C.A.\u00ae conta migliaia di membri, preparati e motivati alla Mission, diffusi in tutti gli Stati Uniti, ma anche in Australia, Canada, Nuova Zelanda e in Europa.<br \/>B.A.C.A.\u00ae INTERNATIONAL ITALY ODV \u2013 BIKERS AGAINST CHILD ABUSE\u00ae \u2013 \u00e8 un\u2019Organizzazione di Volontariato nata nel 2010; noi i primi a portare questa realt\u00e0 in Europa.<br \/>La sede legale \u00e8 in provincia di Cremona, ma l\u2019Associazione opera sul territorio nazionale grazie alla presenza di molteplici Sezioni Operative.<\/p>\n<p>B.A.C.A.\u00ae opera in contatto diretto con il minore creando intorno a lui e alla sua famiglia una rete disicurezza e di rapporti con figure adulte diverse da quelle istituzionali.<br \/>La forza di B.A.C.A.\u00ae consiste nella costante presenza fisica dei suoi membri, in particolare nei momenti in cui il minore mostra evidenti segni di paura o chiusura, attraverso visite programmate, la partecipazione a eventi famigliari, giornate di giochi con i bambini, fino al loro coinvolgimento in giri in moto, che sanciscono definitivamente il sentirsi parte di una numerosa famiglia di bikers, il tutto finalizzato alla creazione di un clima di sicurezza, protezione e sostegno del minore, che dia loro forza ad esempio nel momento pi\u00f9 difficile: la rivelazione, la testimonianza dell\u2019accaduto, dell\u2019abuso subito.<br \/>Questi innocenti sono i bambini di B.A.C.A.\u00ae entrati a far parte di questa grande famiglia, dove si sentiranno sempre a casa.<br \/>Allo stato attuale la normativa esistente in Italia, cos\u00ec come le tipologie d\u2019intervento dell\u2019autorit\u00e0 giudiziaria, degli operatori sociali e i piani terapeutici, risultano spesso differenti rispetto a quelli della realt\u00e0 in cui B.A.C.A.\u00ae \u00e8 nata, ma questo non preclude la possibilit\u00e0 di operare con i minori vittime di abuso affinch\u00e9 possa essere svolta la Mission: LIBERARE I BAMBINI ABUSATI DALLA PAURA.<br \/>B.A.C.A.\u00ae INTERNATIONAL ITALY ODV opera sia all\u2019interno delle strutture che ospitano i minori vittime di diverse forme di disagio, violenza e abuso, sia in ambienti famigliari, sempre comunque in rapporto con le figure istituzionali.<br \/>In quest\u2019ottica entriamo in contatto con le Questure, i Servizi Sociali e varie agenzie del territorio di appartenenza, proponendoci senza imporci e rendendoci disponibili a varie forme di collaborazione con gli istituti o con specialisti che reputano la nostra figura una possibile risorsa per i minori che hanno bisogno di sentirsi circondati da figure adulte di riferimento diverse da quelle professionali, forti ma buone, che li facciano sentire al sicuro.<br \/>Al fine di sensibilizzare la popolazione sulla terribile piaga degli abusi sui minori organizziamo presentazioni e conferenze con esperti del settore quali psicologi, psicoterapeuti, forze di polizia ed educatori. Organizziamo eventi per bambini e ragazzi e partecipiamo ad alcuni cui siamo invitati, allo scopo di sensibilizzare il pubblico e raccogliere fondi per combattere la piaga degli abusi.<br \/>Cosa possiamo dire di noi: siamo bikers!<br \/>Con B.A.C.A.\u00ae un biker non porta solo se stesso come adulto di riferimento positivo, per quanto con un\u2019immagine apparentemente deviante, ma porta ai minori abusati qualcosa in pi\u00f9, di cui loro hanno estremo bisogno: il senso di Famiglia; una Famiglia fondata su Onore, Rispetto e Lealt\u00e0, in cui ognuno, garante della propria integrit\u00e0, mette il proprio cuore, la propria passione, il proprio impegno. I bikers di B.A.C.A.\u00ae sono una Famiglia che si fa Famiglia per i giovani feriti, per mostrar loro accoglienza, per farli sentire importanti, amati, protetti, per donar loro sicurezza, per far tornar loro un po\u2019 di fiducia.<br \/>Ma se ci\u00f2 non bastasse, noi saremo la barriera fra loro e ci\u00f2 che li minaccia. Siamo pronti e preparati a questo, per spezzare le catene dell\u2019abuso.<br \/>Il nostro motto \u00e8 \u201c<em>Not about me, not about you, Only about CHILDREN<\/em>\u201d.<br \/>Non abbiamo altra meta che il sorriso di un bambino!<\/p>\n<p>[\/et_pb_accordion_item][et_pb_accordion_item title=&#8221;LA MISSIONE DI B.A.C.A. IN ITALIA&#8221; _builder_version=&#8221;4.27.4&#8243; _module_preset=&#8221;default&#8221; global_colors_info=&#8221;{}&#8221; theme_builder_area=&#8221;post_content&#8221; open=&#8221;off&#8221; open_toggle_background_color=&#8221;RGBA(255,255,255,0)&#8221; icon_color=&#8221;#E02B20&#8243; use_icon_font_size=&#8221;on&#8221; icon_font_size=&#8221;14px&#8221;]<\/p>\n<p>B.A.C.A.\u00ae BIKERS AGAINST CHILD ABUSE\u00ae \u2013 Bikers contro l\u2019abuso sui minori \u2013 esiste con l\u2019intento di creare un ambiente sicuro per i bambini vittime di abuso, affinch\u00e9 non abbiano pi\u00f9 paura del mondo in cui vivono.<br \/>Un minore abusato in qualsiasi maniera (dal maltrattamento psicologico a quello fisico, fino al terribile abuso sessuale), subisce una serie di \u201cferite\u201d, visibili e non, che sfociano in reazioni psicologiche diffuse quali chiusura, senso di colpa, rabbia, vergogna, etc.<br \/>Il minore ferito vive una profonda crisi della propria autostima, perde il senso di sicurezza, prova una debilitante mancanza di fiducia, in s\u00e9, negli altri, soprattutto gli adulti, nel mondo, finendo anche con l\u2019avere una visione distorta dei rapporti.<br \/>Nel periodo dell\u2019infanzia il bambino, che accoglie senza filtri tutto ci\u00f2 che gli viene portato incontro, vive il mondo come buono e bello, ma quando proprio gli adulti, che dovrebbero garantirlo tale, divengono i protagonisti della trasformazione del suo mondo in un inferno, egli perde ogni riferimento, ogni forma di fiducia, perde la sua innocenza, la sua spensieratezza, i sorrisi che dovrebbero essere protagonisti di questi anni. Questo non vuol dire che un bambino non dovrebbe mai piangere o incontrare difficolt\u00e0, ma che in qualunque momento un bambino dovrebbe sentirsi protetto, aiutato, sostenuto, incoraggiato. E tutto questo viene meno in un bambino abusato.<br \/>Nel periodo dell\u2019adolescenza il ragazzino, in cerca della propria indipendenza, sfida il mondo che lo circonda, si scontra con il mondo degli adulti e le sue regole, ma in questo stesso mondo cerca dei modelli, i suoi \u201cmiti\u201d.<br \/>Se i suoi adulti di riferimento portano per\u00f2 come esempio la violenza, il sopruso, la mancanza di rispetto per la vita, crolla il mondo addosso al ragazzo il quale, o si rinchiude nelle sue paure e insicurezze, o si lascia andare a una vita sbandata, senza strada, senza senso.<br \/>E\u2019 in questo triste quadro che i bikers di B.A.C.A.\u00ae vogliono portare il loro contributo: adulti che vogliono offrire la loro tradizionale immagine di forza, di coraggio, cavalieri dei tempi moderni, in sella a due ruote anzich\u00e9 ai cavalli. I bikers di B.A.C.A.\u00ae, con le loro vesti, i giubbotti di pelle, capelli lunghi, barbe, tatuaggi, sono uomini e donne che dimostrano il loro coraggio di vivere sulla strada senza lasciarsi travolgere e diventano veri testimoni d\u2019amore, perch\u00e9 dimostrano che al di l\u00e0 del loro aspetto rude c\u2019\u00e8 un cuore che risuona insieme ai loro motori: una sana passione messa a servizio di coloro che hanno bisogno, per ridonare ai bambini\/ragazzi quel senso di sicurezza, quella serenit\u00e0 che dovrebbero essere proprie dei primi anni di vita.<br \/>B.A.C.A.\u00ae funziona proprio perch\u00e9 sono i Bikers a portare avanti la Mission, perch\u00e9 vivono di valori quali onore, lealt\u00e0, integrit\u00e0 e rispetto; perch\u00e9 fanno quello che dicono; perch\u00e9 i loro legami di fratellanza sono senza pari. Portando i minori feriti in questo cerchio di fratellanza, li proteggeremo con tenacia e faranno tutto ci\u00f2 che va fatto per rimuovere la loro paura.<br \/>I B.A.C.A.\u00ae sono una Famiglia di bikers che si fa Famiglia per i bambini feriti, per mostrar loro accoglienza, per farli sentire importanti, amati, protetti, per donar loro sicurezza, per far tornar loro un po\u2019 di fiducia. Noi esistiamo per dar loro forza, affinch\u00e9 scoprano in realt\u00e0 di quanta forza sono dotati e riconoscano quanto sono coraggiosi, con o senza di noi.<br \/>Questo \u00e8 il concetto di \u201cEmpower\u201d, su cui B.A.C.A.\u00ae fonda la propria Mission.<br \/>I B.A.C.A.\u00ae si distinguono dai volontari, nonostante come volontari prestino il loro servizio in forma spontaneamente gratuita, proprio per l\u2019impegno preso (B.A.C.A.\u00ae non \u00e8 un passatempo) e per il modo originale con cui lo esplicano, da bikers.<br \/>Se una persona adulta, anche di notevoli qualit\u00e0, va a fare il volontario in un Istituto porta certamente affetto, dona attenzioni facendo sentire i bambini accolti, soddisfa qualche loro esigenza, allevia i dolori offrendo e suscitando qualche sorriso, ma non porta, perch\u00e9 non ce l\u2019ha, ci\u00f2 che porta B.A.C.A.\u00ae: una grande Famiglia! Quando interveniamo con i bambini\/ragazzi, ognuno di noi \u00e8 ovviamente un singolo individuo con le sue personali peculiarit\u00e0, ma porta con s\u00e9, rappresentata dal suo gilet, l\u2019intera Famiglia di B.A.C.A.\u00ae, di cui \u00e8 membro vivo, che accoglie in un abbraccio ben pi\u00f9 grande e pi\u00f9 forte di quello che solo due braccia possono dare! E la Famiglia B.A.C.A.\u00ae garantisce la costante presenza e la tempestiva risposta alle\u00a0esigenze del minore connesse alla Mission proprio grazie alla sua natura e ai suoi valori.<br \/>A seconda delle necessit\u00e0, i bikers di B.A.C.A.\u00ae possono portare testimonianza, essendo \u201cil motociclista, con il suo aspetto rude, il giubbotto nero borchiato, il simbolo di colui che \u00e8 passato in foreste nere, ma che ha avuto la forza di non rimanerci dentro\u201d; possono offrire protezione in alcune situazioni, per necessit\u00e0 o su richiesta, e\/o infondere senso di sicurezza ai bambini come presenze costanti o in momenti delicati; aiutano, con la loro immagine, gli specialisti nel percorso di rivalutazione della figura adulta, soprattutto maschile, ed agevolano il processo di recupero di fiducia, in s\u00e9, negli altri, nel mondo, affinch\u00e9 finalmente possa essere rimossa la paura. Presentandosi come Famiglia, mostrano come i rapporti debbano fondarsi prima di tutto sul rispetto reciproco e diventano i protagonisti di momenti giocosi e gioiosi mirati a ridonare spensieratezza e sorrisi, Quando i nostri BACACHILD sentono i rombi delle moto sanno che sta arrivando la Famiglia di B.A.C.A.\u00ae! Non \u00e8 molto importante da quali membri sia rappresentata: arrivano dei \u201cgrandi\u201d sulle loro \u201cgrosse\u201d moto, che potrebbero fare anche una certa impressione, ma i bambini sanno che i bikers di B.A.C.A.\u00ae sono grandi e forti per poterli difendere e sostenere, ma che sanno farsi piccoli per giocare con loro,<span>\u00a0<\/span><strong><em>perch\u00e9 deve finire il tempo dell\u2019infanzia calpestata!<\/em><\/strong><\/p>\n<p><em><strong>No child deserves to live in fear\u2026Nessun bambino merita di vivere nella paura!<\/strong><\/em><\/p>\n<p>[\/et_pb_accordion_item][et_pb_accordion_item title=&#8221;COME B.A.C.A. LAVORA NEGLI STATI UNITI&#8221; _builder_version=&#8221;4.27.4&#8243; _module_preset=&#8221;default&#8221; global_colors_info=&#8221;{}&#8221; theme_builder_area=&#8221;post_content&#8221; open=&#8221;off&#8221; open_toggle_background_color=&#8221;RGBA(255,255,255,0)&#8221; icon_color=&#8221;#E02B20&#8243; use_icon_font_size=&#8221;on&#8221; icon_font_size=&#8221;14px&#8221;]<\/p>\n<p><strong>Bikers Against Child Abuse, Inc. (B.A.C.A.)<\/strong> si avvale di una persona di contatto principale che riceve le chiamate da agenzie di riferimento nonch\u00e9 da singoli individui. Un Ente autorizzato e riconosciuto con cui il bambino \u00e8 stato in contatto stabilisce che tale bambino \u00e8 tuttora spaventato dall\u2019ambiente che lo circonda. L\u2019agenzia che lo rappresenta contatta direttamente B.A.C.A. o invita la persona interessata a contattarci dopodich\u00e9 nome e indirizzo del bambino vengono dati al Collegamento B.A.C.A.. Il Collegamento stabilisce che il caso \u00e8 legittimato, il che significa che le autorit\u00e0 sono state contattate e che il caso sta procedendo all\u2019interno del sistema. Il Collegamento prende contatto con la famiglia, quindi viene organizzata una prima uscita per incontrare il bambino a casa sua o in qualsiasi altro luogo. Tutti i membri B.A.C.A. si presentano in moto all\u2019incontro con il bambino e gli\/le consegnano un gil\u00e8 con la patch (toppa) B.A.C.A. cucita sulla schiena. Il bambino \u00e8 libero di indossare o meno il gil\u00e8 e noi accettiamo la sua decisione. Al bambino vengono inoltre consegnati degli adesivi ed altri regali che sono generalmente dati dal pubblico. In genere queste prime visite durano circa mezz\u2019ora.<\/p>\n<p>Dopo questo contatto iniziale, al bambino vengono consegnati il nome ed il numero di telefono dei due membri B.A.C.A. che risiedono geograficamente pi\u00f9 vicino a lui\/lei, che quindi diventano il riferimento ed il contatto primario del bambino. Prima di diventare contatti primari del bambino i biker in questione hanno superato un controllo di idoneit\u00e0, sono andati in moto con il gruppo per almeno un anno ed hanno ricevuto un addestramento speciale dal Licensed Mental Health Professional. Ogni volta che il bambino si sente spaventato o sente il bisogno della presenza della sua nuova famiglia B.A.C.A., pu\u00f2 chiamare questi biker perch\u00e9 vadano a casa sua per dargli sicurezza e protezione.I membri e i supporters B.A.C.A. aiutano i bambini anche in altri modi: scortandoli quando hanno paura di muoversi nel vicinato, accompagnandoli regolarmente a casa in moto; supportando i bambini in tribunale ed alle udienze; assistendo alle loro interviste e stando vicini ai bambini quando soli e spaventati. I membri B.A.C.A. non vanno mai da soli a casa dei bambini e mai senza il permesso dei genitori. La nostra missione non \u00e8 sostituirci permanentemente alla forza e il coraggio dei bambini, la nostra missione \u00e8 aiutare i bambini e le loro famiglie a imparare a trovare la forza dentro loro stessi. Saremo presenti fintanto che il bambino avr\u00e0 bisogno di noi. B.A.C.A. \u00e8 vicino ai bambini anche organizzando barbeque e feste.<\/p>\n<p>[\/et_pb_accordion_item][et_pb_accordion_item title=&#8221;PRIMO LIVELLO DI INTERVENTO&#8221; _builder_version=&#8221;4.27.4&#8243; _module_preset=&#8221;default&#8221; global_colors_info=&#8221;{}&#8221; theme_builder_area=&#8221;post_content&#8221; open=&#8221;off&#8221; open_toggle_background_color=&#8221;RGBA(255,255,255,0)&#8221; icon_color=&#8221;#E02B20&#8243; use_icon_font_size=&#8221;on&#8221; icon_font_size=&#8221;14px&#8221;]<\/p>\n<p style=\"text-align: center;\">Consister\u00e0 nell\u2019organizzazione di una uscita in moto insieme a quanti pi\u00f9 membri B.A.C.A. disponibili a partecipare. Arriveremo in moto in gruppo alla casa del bambino dove i genitori\/tutori saranno presenti durante la consegna al bambino di una patch ed adesivi e scatteranno una fotografia del bambino con la sua nuova famiglia biker. Se il bambino \u00e8 spaventato, noi speriamo che user\u00e0 la fotografia per mandare il messaggio \u201dio non sono solo e sono certo che non vorrete infastidire la mia famiglia\u201d<\/p>\n<p>[\/et_pb_accordion_item][et_pb_accordion_item title=&#8221;SECONDO LIVELLO DI INTERVENTO&#8221; _builder_version=&#8221;4.27.4&#8243; _module_preset=&#8221;default&#8221; global_colors_info=&#8221;{}&#8221; theme_builder_area=&#8221;post_content&#8221; open=&#8221;off&#8221; open_toggle_background_color=&#8221;RGBA(255,255,255,0)&#8221; icon_color=&#8221;#E02B20&#8243; use_icon_font_size=&#8221;on&#8221; icon_font_size=&#8221;14px&#8221;]<\/p>\n<p>Se il livello uno non \u00e8 sufficiente quale deterrente per ulteriori abusi o molestie,parecchi membri BACA verranno mandati per un ulteriore dimostrazione. Questo gruppo di membri BACA far\u00e0 atto di presenza presso la casa del bambino,rendendosi ben visibile nei momenti i cui la famiglia dovesse essere maggiormente vulnerabile. Scopo della presenza BACA \u00e8 quello di essere un deterrente per ulteriori abusi e di proteggere i bambini e la famiglia, se necessario.<\/p>\n<p>[\/et_pb_accordion_item][et_pb_accordion_item title=&#8221;LE NOSTRE APPARIZIONI IN TRIBUNALE&#8221; _builder_version=&#8221;4.27.4&#8243; _module_preset=&#8221;default&#8221; global_colors_info=&#8221;{}&#8221; theme_builder_area=&#8221;post_content&#8221; open=&#8221;off&#8221; open_toggle_background_color=&#8221;RGBA(255,255,255,0)&#8221; icon_color=&#8221;#E02B20&#8243; use_icon_font_size=&#8221;on&#8221; icon_font_size=&#8221;14px&#8221;]<\/p>\n<p><span>Occasionalmente appariremo in tribunale con i nostri amici \u201cferiti\u201d. La nostra presenza fisica ha il solo scopo di assistere il bambino nell\u2019essere meno intimidito e spaventato e successivamente di rendere un\u2019accurata testimonianza concernente il suo abuso. Se il bambino richiede la nostra presenza nella sala delle udienze, il genitore o il tutore del bambino deve presentare una richiesta all\u2019avvocato del bambino, che in seguito interceder\u00e0 nell\u2019interesse del bambino stesso presso il giudice che presiede l\u2019udienza. BACA non tollerer\u00e0 assolutamente alcun confronto fisico con il perpetratore e nessuno porr\u00e0 in essere azioni estranee allo scopo del BACA, nel qual caso egli sar\u00e0 completamente l\u2019unico responsabile delle proprie azioni. Quando possibile, i due biker assegnati quali contatti primari del bambino,saranno presenti in tribunale. Dato che non \u00e8 sempre possibile che i biker di primario contatto siano presenti, potr\u00e0 essere fatta una richiesta a tutti i membri dell\u2019associazione sollecitando la loro partecipazione ed il loro supporto. Un elenco delle date e degli orari delle udienze verr\u00e0 stilato e regolarmente aggiornato da BACA in rete.<\/span><\/p>\n<p>[\/et_pb_accordion_item][\/et_pb_accordion][\/et_pb_column][\/et_pb_row][\/et_pb_section]<\/p>\n","protected":false},"excerpt":{"rendered":"<p>DICHIARAZIONE DI MISSIONE B.A.C.A.Bikers Against Child Abuse (B.A.C.A.), \u201cMotociclisti Contro l\u2019Abuso sui Bambini\u201d, esiste con l\u2019intento di creare un ambiente pi\u00f9 sicuro per i bambini vittime di abuso. Esistiamo come associazione di Bikers per dare forza ai bambini affinch\u00e9 non abbiano paura del mondo in cui vivono. Siamo pronti a prestare supporto ai nostri amici [&hellip;]<\/p>\n","protected":false},"author":1,"featured_media":0,"parent":0,"menu_order":0,"comment_status":"closed","ping_status":"closed","template":"","meta":{"_et_pb_use_builder":"on","_et_pb_old_content":"","_et_gb_content_width":"","footnotes":""},"class_list":["post-29","page","type-page","status-publish","hentry"],"_links":{"self":[{"href":"https:\/\/bacaworld.org\/italy\/wp-json\/wp\/v2\/pages\/29","targetHints":{"allow":["GET"]}}],"collection":[{"href":"https:\/\/bacaworld.org\/italy\/wp-json\/wp\/v2\/pages"}],"about":[{"href":"https:\/\/bacaworld.org\/italy\/wp-json\/wp\/v2\/types\/page"}],"author":[{"embeddable":true,"href":"https:\/\/bacaworld.org\/italy\/wp-json\/wp\/v2\/users\/1"}],"replies":[{"embeddable":true,"href":"https:\/\/bacaworld.org\/italy\/wp-json\/wp\/v2\/comments?post=29"}],"version-history":[{"count":9,"href":"https:\/\/bacaworld.org\/italy\/wp-json\/wp\/v2\/pages\/29\/revisions"}],"predecessor-version":[{"id":78,"href":"https:\/\/bacaworld.org\/italy\/wp-json\/wp\/v2\/pages\/29\/revisions\/78"}],"wp:attachment":[{"href":"https:\/\/bacaworld.org\/italy\/wp-json\/wp\/v2\/media?parent=29"}],"curies":[{"name":"wp","href":"https:\/\/api.w.org\/{rel}","templated":true}]}}