{"id":26,"date":"2024-12-19T16:15:27","date_gmt":"2024-12-19T16:15:27","guid":{"rendered":"https:\/\/bacaworld.org\/romania\/?page_id=26"},"modified":"2026-03-09T01:29:55","modified_gmt":"2026-03-09T01:29:55","slug":"b-a-c-a-of-romania","status":"publish","type":"page","link":"https:\/\/bacaworld.org\/romania\/","title":{"rendered":"B.A.C.A. of Romania"},"content":{"rendered":"<p>[et_pb_section fb_built=&#8221;1&#8243; admin_label=&#8221;section&#8221; _builder_version=&#8221;4.16&#8243; custom_margin=&#8221;||56px|||&#8221; global_colors_info=&#8221;{}&#8221; theme_builder_area=&#8221;post_content&#8221;][et_pb_row _builder_version=&#8221;4.27.4&#8243; _module_preset=&#8221;default&#8221; global_colors_info=&#8221;{}&#8221; theme_builder_area=&#8221;post_content&#8221;][et_pb_column type=&#8221;4_4&#8243; _builder_version=&#8221;4.27.4&#8243; _module_preset=&#8221;default&#8221; global_colors_info=&#8221;{}&#8221; theme_builder_area=&#8221;post_content&#8221;][et_pb_image src=&#8221;https:\/\/bacaworld.org\/romania\/wp-content\/uploads\/sites\/54\/2024\/12\/BACA-two-fist-logo.jpg&#8221; title_text=&#8221;BACA-two-fist-logo&#8221; align=&#8221;center&#8221; _builder_version=&#8221;4.27.4&#8243; _module_preset=&#8221;default&#8221; global_colors_info=&#8221;{}&#8221; theme_builder_area=&#8221;post_content&#8221; custom_margin=&#8221;-32px|||||&#8221;][\/et_pb_image][\/et_pb_column][\/et_pb_row][et_pb_row _builder_version=&#8221;4.27.4&#8243; _module_preset=&#8221;default&#8221; global_colors_info=&#8221;{}&#8221; theme_builder_area=&#8221;post_content&#8221;][et_pb_column type=&#8221;4_4&#8243; _builder_version=&#8221;4.27.4&#8243; _module_preset=&#8221;default&#8221; global_colors_info=&#8221;{}&#8221; theme_builder_area=&#8221;post_content&#8221;][et_pb_text _builder_version=&#8221;4.27.5&#8243; _module_preset=&#8221;default&#8221; border_width_bottom=&#8221;3px&#8221; border_style_bottom=&#8221;dotted&#8221; global_colors_info=&#8221;{}&#8221; theme_builder_area=&#8221;post_content&#8221;]<\/p>\n<p style=\"text-align: center;\"><strong>Rom\u00e2nia func\u021bioneaz\u0103 ca charter temporar<\/strong><\/p>\n<p style=\"text-align: center;\"><strong>BACA International RO (BACA Rom\u00e2nia)<\/strong> este \u00eenregistrat\u0103 \u00een Registrul Asocia\u021biilor \u0219i Funda\u021biilor ca Asocia\u021bie Non-Profit.<\/p>\n<p style=\"text-align: center;\"><strong><span style=\"color: #ff0000;\">Helpline: <\/span><\/strong>BACA.RO (0770.2222.76)<\/p>\n<p style=\"text-align: center;\"><span style=\"color: #ff0000;\"><strong>Cont bancar RON:<\/strong><\/span> RO63BACX0000004081154000<\/p>\n<p style=\"text-align: center;\"><span style=\"color: #ff0000;\"><strong>Cont bancar EUR:<\/strong> <\/span>RO36BACX0000004081154001<\/p>\n<p style=\"text-align: center;\">Exist\u0103 un Chapter care func\u021bioneaz\u0103 \u00een Rom\u00e2nia, Bucharest (Temporary).<\/p>\n<p style=\"text-align: center;\">\n<p style=\"text-align: center;\">\n<p style=\"text-align: center;\">[\/et_pb_text][\/et_pb_column][\/et_pb_row][et_pb_row _builder_version=&#8221;4.27.4&#8243; _module_preset=&#8221;default&#8221; global_colors_info=&#8221;{}&#8221; theme_builder_area=&#8221;post_content&#8221;][et_pb_column type=&#8221;4_4&#8243; _builder_version=&#8221;4.27.4&#8243; _module_preset=&#8221;default&#8221; global_colors_info=&#8221;{}&#8221; theme_builder_area=&#8221;post_content&#8221;][et_pb_video src=&#8221;https:\/\/baca-public-videos.s3.us-west-1.amazonaws.com\/2022+BACA+Video+English-web.mp4&#8243; _builder_version=&#8221;4.27.5&#8243; _module_preset=&#8221;default&#8221; global_colors_info=&#8221;{}&#8221; theme_builder_area=&#8221;post_content&#8221;][\/et_pb_video][\/et_pb_column][\/et_pb_row][\/et_pb_section]<\/p>\n","protected":false},"excerpt":{"rendered":"<p>Rom\u00e2nia func\u021bioneaz\u0103 ca charter temporar BACA International RO (BACA Rom\u00e2nia) este \u00eenregistrat\u0103 \u00een Registrul Asocia\u021biilor \u0219i Funda\u021biilor ca Asocia\u021bie Non-Profit. Helpline: BACA.RO (0770.2222.76) Cont bancar RON: RO63BACX0000004081154000 Cont bancar EUR: RO36BACX0000004081154001 Exist\u0103 un Chapter care func\u021bioneaz\u0103 \u00een Rom\u00e2nia, Bucharest (Temporary).<\/p>\n","protected":false},"author":1,"featured_media":0,"parent":0,"menu_order":0,"comment_status":"closed","ping_status":"closed","template":"","meta":{"_et_pb_use_builder":"on","_et_pb_old_content":"","_et_gb_content_width":"","footnotes":""},"class_list":["post-26","page","type-page","status-publish","hentry"],"_links":{"self":[{"href":"https:\/\/bacaworld.org\/romania\/wp-json\/wp\/v2\/pages\/26","targetHints":{"allow":["GET"]}}],"collection":[{"href":"https:\/\/bacaworld.org\/romania\/wp-json\/wp\/v2\/pages"}],"about":[{"href":"https:\/\/bacaworld.org\/romania\/wp-json\/wp\/v2\/types\/page"}],"author":[{"embeddable":true,"href":"https:\/\/bacaworld.org\/romania\/wp-json\/wp\/v2\/users\/1"}],"replies":[{"embeddable":true,"href":"https:\/\/bacaworld.org\/romania\/wp-json\/wp\/v2\/comments?post=26"}],"version-history":[{"count":10,"href":"https:\/\/bacaworld.org\/romania\/wp-json\/wp\/v2\/pages\/26\/revisions"}],"predecessor-version":[{"id":61,"href":"https:\/\/bacaworld.org\/romania\/wp-json\/wp\/v2\/pages\/26\/revisions\/61"}],"wp:attachment":[{"href":"https:\/\/bacaworld.org\/romania\/wp-json\/wp\/v2\/media?parent=26"}],"curies":[{"name":"wp","href":"https:\/\/api.w.org\/{rel}","templated":true}]}}